{"id":827,"date":"2019-03-19T22:55:07","date_gmt":"2019-03-19T20:55:07","guid":{"rendered":"https:\/\/www.krullys.de\/?page_id=827"},"modified":"2025-11-30T15:19:43","modified_gmt":"2025-11-30T13:19:43","slug":"fair-trade-raum-ausfluege","status":"publish","type":"page","link":"https:\/\/www.krullys.de\/?page_id=827","title":{"rendered":"Ausfl\u00fcge"},"content":{"rendered":"\n<p>Hippiiieeeee! Heute machen die Krullys einen Ausflug!!<\/p>\n\n\n\n<p>F\u00fcr alle Ausfl\u00fcge wie Theater, \u00dcbernachtungsfahrt, Tierpark\u2026, fallen <strong>keine extra Kosten<\/strong> f\u00fcr die Eltern an.<\/p>\n\n\n\n<h3 class=\"wp-block-heading\"><strong>\u00dcbernachten auf dem Bauernhof&nbsp;<\/strong><\/h3>\n\n\n\n<p>Einmal im Jahr fahren alle Kinder ab 4 Jahren zum \u00dcbernachten auf einen Kinderbauernhof. Dort k\u00f6nnen sie Ponyreiten, mit dem Bauer Trecker fahren, in der Heuscheune toben. Morgens und abends werden die Schafe, H\u00fchner, Enten, Schweine, K\u00fche gemeinsam gef\u00fcttert, somit bietet der Bauernhof den kleinen Drachen viel Raum f\u00fcr eigenes Erkunden. Es gibt ein gro\u00dfes Trampolin, Holzpferde, Balancierbalken, Schaukeln und einen gro\u00dfen Heuschober. Kurz gesagt \u201eein Traum f\u00fcr alle Drachen\u201c.<\/p>\n\n\n\n<h3 class=\"wp-block-heading\"><strong>Schlaffest in der Kita&nbsp;<\/strong><\/h3>\n\n\n\n<p>Im Juli findet jedes Jahr das Schlaffest in der Kita statt und steht unter einem besonderen Motto ( Drachenfest, Feenfest, Indianerfest, Feuerfest, die kleine Wassernixe und viele mehr). Das Motto wird in den 2-4 Wochen vor dem Schlaffest mit allen Drachen erarbeitet und ist der kr\u00f6nende Abschluss f\u00fcr das Kitajahr. An dem Fest nehmen alle Kinder teil, nur die anschlie\u00dfende \u00dcbernachtung ist&nbsp;f\u00fcr die Drachen ab 4 Jahren.<\/p>\n\n\n\n<h3 class=\"wp-block-heading\"><strong>Stadtteil und Umgebung erkunden<\/strong><\/h3>\n\n\n\n<p>Mit unserem Lastenrad und Fahrradanh\u00e4nger entdecken wir allerhand Spannendes im Umkreis der Kita: die Stadtb\u00fccherei, den Wochenmarkt, das kleine W\u00e4ldchen und den Verkehrs\u00fcbungsplatz. Und ein kleiner Zwischenstop auf dem Spielplatz ist auf dem R\u00fcckweg bestimmt auch noch drin.<\/p>\n\n\n\n<figure class=\"wp-block-image size-full\"><img loading=\"lazy\" decoding=\"async\" width=\"1000\" height=\"750\" src=\"https:\/\/www.krullys.de\/wp-content\/uploads\/cropped-IMG-20251124-WA0049.jpg\" alt=\"\" class=\"wp-image-2076\" srcset=\"https:\/\/www.krullys.de\/wp-content\/uploads\/cropped-IMG-20251124-WA0049.jpg 1000w, https:\/\/www.krullys.de\/wp-content\/uploads\/cropped-IMG-20251124-WA0049-300x225.jpg 300w, https:\/\/www.krullys.de\/wp-content\/uploads\/cropped-IMG-20251124-WA0049-768x576.jpg 768w\" sizes=\"auto, (max-width: 1000px) 100vw, 1000px\" \/><\/figure>\n\n\n\n<p>F\u00fcr alle Krullys haben wir immer einen passenden Fahrradhelm vor Ort, so dass es jederzeit auch spontan losgehen kann.<\/p>\n\n\n\n<h3 class=\"wp-block-heading\"><strong>Theaterbesuche<\/strong>&nbsp;<\/h3>\n\n\n\n<p>Wir nehmen gerne die Theaterangebote der \u201eMeerwiese\u201c in M\u00fcnster an, sie bieten verschiedene Theaterst\u00fccke an, auch f\u00fcr die j\u00fcngeren Drachenanw\u00e4rter.&nbsp;<\/p>\n\n\n\n<h3 class=\"wp-block-heading\"><strong>Polizei und Feuerwehr<\/strong><\/h3>\n\n\n\n<p>Einmal im Jahr fahren die 4 j\u00e4hrigen Drachen zur Feuerwehrwache, dort k\u00f6nnen die sie die Arbeit und Aufgaben der Feuerwehr kennenlernen. Die Polizei kommt mit einem Einsatzfahrzeug direkt zu uns in die Kita. Dann d\u00fcrfen sich alle Drachen alles genau Anschauen und das Polizeiauto erkunden. Beide Besuche werden durch Projekte von uns Vorbereitet.<\/p>\n\n\n\n<h3 class=\"wp-block-heading\"><strong>Teddyb\u00e4rkrankenhaus&nbsp;<\/strong><\/h3>\n\n\n\n<p>Die Studenten der Fachschaft Medizin bieten einmal im Jahr ein Teddyb\u00e4rkrankenhaus auf dem Schlossplatz an. Dort k\u00f6nnen die kranken Kuscheltierbegleiter der Drachen untersucht und behandelt werden. Den Kindern soll auf spielerische Weise die Angst vor dem Arztbesuch  genommen werden.<\/p>\n\n\n\n<h3 class=\"wp-block-heading\"><strong>Feste feiern (Geburtstage, Abschied, Weihnachten, Ostern..)&nbsp;<\/strong><\/h3>\n\n\n\n<p>Zu Geburtstagen und Abschieden bereiten wir ein besonderes Fr\u00fchst\u00fcck vor, wo auch die Eltern zu eingeladen sind. Das \u201eGeburtstagskind\u201c (auch beim Abschied) bringt wenn es mag etwas f\u00fcr die Gruppe mit (Kuchen, Obst,&nbsp; Br\u00f6tchen..).&nbsp; Im Anschluss findet ein besonderer Sitzkreis f\u00fcr das Kind statt. Die Eltern verabschieden sich nach dem Fr\u00fchst\u00fcck. <\/p>\n\n\n\n<figure class=\"wp-block-gallery has-nested-images columns-default is-cropped wp-block-gallery-1 is-layout-flex wp-block-gallery-is-layout-flex\">\n<figure class=\"wp-block-image size-medium\"><img loading=\"lazy\" decoding=\"async\" width=\"300\" height=\"225\" data-id=\"1638\" src=\"https:\/\/www.krullys.de\/wp-content\/uploads\/B83DD347-6652-4B32-8364-C9994ECB14E4-300x225.jpeg\" alt=\"\" class=\"wp-image-1638\" srcset=\"https:\/\/www.krullys.de\/wp-content\/uploads\/B83DD347-6652-4B32-8364-C9994ECB14E4-300x225.jpeg 300w, https:\/\/www.krullys.de\/wp-content\/uploads\/B83DD347-6652-4B32-8364-C9994ECB14E4-768x576.jpeg 768w, https:\/\/www.krullys.de\/wp-content\/uploads\/B83DD347-6652-4B32-8364-C9994ECB14E4-1024x768.jpeg 1024w, https:\/\/www.krullys.de\/wp-content\/uploads\/B83DD347-6652-4B32-8364-C9994ECB14E4.jpeg 1280w\" sizes=\"auto, (max-width: 300px) 100vw, 300px\" \/><\/figure>\n\n\n\n<figure class=\"wp-block-image size-medium\"><img loading=\"lazy\" decoding=\"async\" width=\"300\" height=\"196\" data-id=\"2073\" src=\"https:\/\/www.krullys.de\/wp-content\/uploads\/IMG-20251124-WA0041-300x196.jpg\" alt=\"\" class=\"wp-image-2073\" srcset=\"https:\/\/www.krullys.de\/wp-content\/uploads\/IMG-20251124-WA0041-300x196.jpg 300w, https:\/\/www.krullys.de\/wp-content\/uploads\/IMG-20251124-WA0041-1024x668.jpg 1024w, https:\/\/www.krullys.de\/wp-content\/uploads\/IMG-20251124-WA0041-768x501.jpg 768w, https:\/\/www.krullys.de\/wp-content\/uploads\/IMG-20251124-WA0041.jpg 1122w\" sizes=\"auto, (max-width: 300px) 100vw, 300px\" \/><\/figure>\n\n\n\n<figure class=\"wp-block-image size-medium\"><img loading=\"lazy\" decoding=\"async\" width=\"300\" height=\"195\" data-id=\"2072\" src=\"https:\/\/www.krullys.de\/wp-content\/uploads\/IMG-20251124-WA0038-300x195.jpg\" alt=\"\" class=\"wp-image-2072\" srcset=\"https:\/\/www.krullys.de\/wp-content\/uploads\/IMG-20251124-WA0038-300x195.jpg 300w, https:\/\/www.krullys.de\/wp-content\/uploads\/IMG-20251124-WA0038-1024x666.jpg 1024w, https:\/\/www.krullys.de\/wp-content\/uploads\/IMG-20251124-WA0038-768x500.jpg 768w, https:\/\/www.krullys.de\/wp-content\/uploads\/IMG-20251124-WA0038.jpg 1440w\" sizes=\"auto, (max-width: 300px) 100vw, 300px\" \/><\/figure>\n<\/figure>\n\n\n\n<p>Weihnachten, Ostern und Sankt Martin, auch wenn in der Kita keine religi\u00f6se Erziehung stattfindet, werden bei den Krullys dennoch gefeiert, da sie zu unserer Kultur dazugeh\u00f6ren. Sollten Drachen verschiedenster Religionen in der Kita sein, so werden auch deren religi\u00f6sen Feste in die Kindergruppenarbeit mit einbezogen.<br><\/p>\n\n\n\n<figure class=\"wp-block-gallery has-nested-images columns-2 is-cropped wp-block-gallery-2 is-layout-flex wp-block-gallery-is-layout-flex\">\n<figure class=\"wp-block-image\"><img loading=\"lazy\" decoding=\"async\" width=\"1024\" height=\"768\" data-id=\"1628\" src=\"https:\/\/www.krullys.de\/wp-content\/uploads\/F753C9F9-32E7-4499-A079-0FE032B61E9B-1024x768.jpeg\" alt=\"\" class=\"wp-image-1628\" srcset=\"https:\/\/www.krullys.de\/wp-content\/uploads\/F753C9F9-32E7-4499-A079-0FE032B61E9B-1024x768.jpeg 1024w, https:\/\/www.krullys.de\/wp-content\/uploads\/F753C9F9-32E7-4499-A079-0FE032B61E9B-300x225.jpeg 300w, https:\/\/www.krullys.de\/wp-content\/uploads\/F753C9F9-32E7-4499-A079-0FE032B61E9B-768x576.jpeg 768w, https:\/\/www.krullys.de\/wp-content\/uploads\/F753C9F9-32E7-4499-A079-0FE032B61E9B.jpeg 1280w\" sizes=\"auto, (max-width: 1024px) 100vw, 1024px\" \/><\/figure>\n\n\n\n<figure class=\"wp-block-image\"><img loading=\"lazy\" decoding=\"async\" width=\"1024\" height=\"768\" data-id=\"1631\" src=\"https:\/\/www.krullys.de\/wp-content\/uploads\/4717FE50-0726-4DD3-973E-103792E55491-1024x768.jpeg\" alt=\"\" class=\"wp-image-1631\" srcset=\"https:\/\/www.krullys.de\/wp-content\/uploads\/4717FE50-0726-4DD3-973E-103792E55491-1024x768.jpeg 1024w, https:\/\/www.krullys.de\/wp-content\/uploads\/4717FE50-0726-4DD3-973E-103792E55491-300x225.jpeg 300w, https:\/\/www.krullys.de\/wp-content\/uploads\/4717FE50-0726-4DD3-973E-103792E55491-768x576.jpeg 768w, https:\/\/www.krullys.de\/wp-content\/uploads\/4717FE50-0726-4DD3-973E-103792E55491.jpeg 1280w\" sizes=\"auto, (max-width: 1024px) 100vw, 1024px\" \/><\/figure>\n<\/figure>\n","protected":false},"excerpt":{"rendered":"<p>Hippiiieeeee! Heute machen die Krullys einen Ausflug!! F\u00fcr alle Ausfl\u00fcge wie Theater, \u00dcbernachtungsfahrt, Tierpark\u2026, fallen keine extra Kosten f\u00fcr die Eltern an. \u00dcbernachten auf dem Bauernhof&nbsp; Einmal im Jahr fahren alle Kinder ab 4 Jahren zum \u00dcbernachten auf einen Kinderbauernhof. Dort k\u00f6nnen sie Ponyreiten, mit dem Bauer Trecker fahren, in der Heuscheune toben. Morgens und&#8230;<\/p>\n","protected":false},"author":9,"featured_media":1620,"parent":0,"menu_order":0,"comment_status":"closed","ping_status":"closed","template":"","meta":{"footnotes":""},"class_list":["post-827","page","type-page","status-publish","has-post-thumbnail","hentry"],"yoast_head":"<!-- This site is optimized with the Yoast SEO plugin v27.2 - https:\/\/yoast.com\/product\/yoast-seo-wordpress\/ -->\n<title>Ausfl\u00fcge - Kindergruppe Krullys<\/title>\n<meta name=\"robots\" content=\"index, follow, max-snippet:-1, max-image-preview:large, max-video-preview:-1\" \/>\n<link rel=\"canonical\" href=\"https:\/\/www.krullys.de\/?page_id=827\" \/>\n<meta property=\"og:locale\" content=\"de_DE\" \/>\n<meta property=\"og:type\" content=\"article\" \/>\n<meta property=\"og:title\" content=\"Ausfl\u00fcge - Kindergruppe Krullys\" \/>\n<meta property=\"og:description\" content=\"Hippiiieeeee! Heute machen die Krullys einen Ausflug!! F\u00fcr alle Ausfl\u00fcge wie Theater, \u00dcbernachtungsfahrt, Tierpark\u2026, fallen keine extra Kosten f\u00fcr die Eltern an. \u00dcbernachten auf dem Bauernhof&nbsp; Einmal im Jahr fahren alle Kinder ab 4 Jahren zum \u00dcbernachten auf einen Kinderbauernhof. Dort k\u00f6nnen sie Ponyreiten, mit dem Bauer Trecker fahren, in der Heuscheune toben. Morgens und...\" \/>\n<meta property=\"og:url\" content=\"https:\/\/www.krullys.de\/?page_id=827\" \/>\n<meta property=\"og:site_name\" content=\"Kindergruppe Krullys\" \/>\n<meta property=\"article:modified_time\" content=\"2025-11-30T13:19:43+00:00\" \/>\n<meta property=\"og:image\" content=\"https:\/\/www.krullys.de\/wp-content\/uploads\/363DD18A-99E3-4DBE-A905-33CD481BBE66.jpeg\" \/>\n\t<meta property=\"og:image:width\" content=\"1280\" \/>\n\t<meta property=\"og:image:height\" content=\"960\" \/>\n\t<meta property=\"og:image:type\" content=\"image\/jpeg\" \/>\n<meta name=\"twitter:card\" content=\"summary_large_image\" \/>\n<meta name=\"twitter:label1\" content=\"Gesch\u00e4tzte Lesezeit\" \/>\n\t<meta name=\"twitter:data1\" content=\"4\u00a0Minuten\" \/>\n<script type=\"application\/ld+json\" class=\"yoast-schema-graph\">{\"@context\":\"https:\/\/schema.org\",\"@graph\":[{\"@type\":\"WebPage\",\"@id\":\"https:\/\/www.krullys.de\/?page_id=827\",\"url\":\"https:\/\/www.krullys.de\/?page_id=827\",\"name\":\"Ausfl\u00fcge - Kindergruppe Krullys\",\"isPartOf\":{\"@id\":\"https:\/\/www.krullys.de\/#website\"},\"primaryImageOfPage\":{\"@id\":\"https:\/\/www.krullys.de\/?page_id=827#primaryimage\"},\"image\":{\"@id\":\"https:\/\/www.krullys.de\/?page_id=827#primaryimage\"},\"thumbnailUrl\":\"https:\/\/www.krullys.de\/wp-content\/uploads\/363DD18A-99E3-4DBE-A905-33CD481BBE66.jpeg\",\"datePublished\":\"2019-03-19T20:55:07+00:00\",\"dateModified\":\"2025-11-30T13:19:43+00:00\",\"breadcrumb\":{\"@id\":\"https:\/\/www.krullys.de\/?page_id=827#breadcrumb\"},\"inLanguage\":\"de\",\"potentialAction\":[{\"@type\":\"ReadAction\",\"target\":[\"https:\/\/www.krullys.de\/?page_id=827\"]}]},{\"@type\":\"ImageObject\",\"inLanguage\":\"de\",\"@id\":\"https:\/\/www.krullys.de\/?page_id=827#primaryimage\",\"url\":\"https:\/\/www.krullys.de\/wp-content\/uploads\/363DD18A-99E3-4DBE-A905-33CD481BBE66.jpeg\",\"contentUrl\":\"https:\/\/www.krullys.de\/wp-content\/uploads\/363DD18A-99E3-4DBE-A905-33CD481BBE66.jpeg\",\"width\":1280,\"height\":960},{\"@type\":\"BreadcrumbList\",\"@id\":\"https:\/\/www.krullys.de\/?page_id=827#breadcrumb\",\"itemListElement\":[{\"@type\":\"ListItem\",\"position\":1,\"name\":\"Startseite\",\"item\":\"https:\/\/www.krullys.de\/\"},{\"@type\":\"ListItem\",\"position\":2,\"name\":\"Ausfl\u00fcge\"}]},{\"@type\":\"WebSite\",\"@id\":\"https:\/\/www.krullys.de\/#website\",\"url\":\"https:\/\/www.krullys.de\/\",\"name\":\"Kindergruppe Krullys\",\"description\":\"\",\"publisher\":{\"@id\":\"https:\/\/www.krullys.de\/#organization\"},\"potentialAction\":[{\"@type\":\"SearchAction\",\"target\":{\"@type\":\"EntryPoint\",\"urlTemplate\":\"https:\/\/www.krullys.de\/?s={search_term_string}\"},\"query-input\":{\"@type\":\"PropertyValueSpecification\",\"valueRequired\":true,\"valueName\":\"search_term_string\"}}],\"inLanguage\":\"de\"},{\"@type\":\"Organization\",\"@id\":\"https:\/\/www.krullys.de\/#organization\",\"name\":\"Kindergruppe Krullys\",\"url\":\"https:\/\/www.krullys.de\/\",\"logo\":{\"@type\":\"ImageObject\",\"inLanguage\":\"de\",\"@id\":\"https:\/\/www.krullys.de\/#\/schema\/logo\/image\/\",\"url\":\"https:\/\/www.krullys.de\/wp-content\/uploads\/cropped-287841C2-0086-47CA-99E4-F86CC1AE6E5D.png\",\"contentUrl\":\"https:\/\/www.krullys.de\/wp-content\/uploads\/cropped-287841C2-0086-47CA-99E4-F86CC1AE6E5D.png\",\"width\":552,\"height\":614,\"caption\":\"Kindergruppe Krullys\"},\"image\":{\"@id\":\"https:\/\/www.krullys.de\/#\/schema\/logo\/image\/\"}}]}<\/script>\n<!-- \/ Yoast SEO plugin. -->","yoast_head_json":{"title":"Ausfl\u00fcge - Kindergruppe Krullys","robots":{"index":"index","follow":"follow","max-snippet":"max-snippet:-1","max-image-preview":"max-image-preview:large","max-video-preview":"max-video-preview:-1"},"canonical":"https:\/\/www.krullys.de\/?page_id=827","og_locale":"de_DE","og_type":"article","og_title":"Ausfl\u00fcge - Kindergruppe Krullys","og_description":"Hippiiieeeee! Heute machen die Krullys einen Ausflug!! F\u00fcr alle Ausfl\u00fcge wie Theater, \u00dcbernachtungsfahrt, Tierpark\u2026, fallen keine extra Kosten f\u00fcr die Eltern an. \u00dcbernachten auf dem Bauernhof&nbsp; Einmal im Jahr fahren alle Kinder ab 4 Jahren zum \u00dcbernachten auf einen Kinderbauernhof. Dort k\u00f6nnen sie Ponyreiten, mit dem Bauer Trecker fahren, in der Heuscheune toben. Morgens und...","og_url":"https:\/\/www.krullys.de\/?page_id=827","og_site_name":"Kindergruppe Krullys","article_modified_time":"2025-11-30T13:19:43+00:00","og_image":[{"width":1280,"height":960,"url":"https:\/\/www.krullys.de\/wp-content\/uploads\/363DD18A-99E3-4DBE-A905-33CD481BBE66.jpeg","type":"image\/jpeg"}],"twitter_card":"summary_large_image","twitter_misc":{"Gesch\u00e4tzte Lesezeit":"4\u00a0Minuten"},"schema":{"@context":"https:\/\/schema.org","@graph":[{"@type":"WebPage","@id":"https:\/\/www.krullys.de\/?page_id=827","url":"https:\/\/www.krullys.de\/?page_id=827","name":"Ausfl\u00fcge - Kindergruppe Krullys","isPartOf":{"@id":"https:\/\/www.krullys.de\/#website"},"primaryImageOfPage":{"@id":"https:\/\/www.krullys.de\/?page_id=827#primaryimage"},"image":{"@id":"https:\/\/www.krullys.de\/?page_id=827#primaryimage"},"thumbnailUrl":"https:\/\/www.krullys.de\/wp-content\/uploads\/363DD18A-99E3-4DBE-A905-33CD481BBE66.jpeg","datePublished":"2019-03-19T20:55:07+00:00","dateModified":"2025-11-30T13:19:43+00:00","breadcrumb":{"@id":"https:\/\/www.krullys.de\/?page_id=827#breadcrumb"},"inLanguage":"de","potentialAction":[{"@type":"ReadAction","target":["https:\/\/www.krullys.de\/?page_id=827"]}]},{"@type":"ImageObject","inLanguage":"de","@id":"https:\/\/www.krullys.de\/?page_id=827#primaryimage","url":"https:\/\/www.krullys.de\/wp-content\/uploads\/363DD18A-99E3-4DBE-A905-33CD481BBE66.jpeg","contentUrl":"https:\/\/www.krullys.de\/wp-content\/uploads\/363DD18A-99E3-4DBE-A905-33CD481BBE66.jpeg","width":1280,"height":960},{"@type":"BreadcrumbList","@id":"https:\/\/www.krullys.de\/?page_id=827#breadcrumb","itemListElement":[{"@type":"ListItem","position":1,"name":"Startseite","item":"https:\/\/www.krullys.de\/"},{"@type":"ListItem","position":2,"name":"Ausfl\u00fcge"}]},{"@type":"WebSite","@id":"https:\/\/www.krullys.de\/#website","url":"https:\/\/www.krullys.de\/","name":"Kindergruppe Krullys","description":"","publisher":{"@id":"https:\/\/www.krullys.de\/#organization"},"potentialAction":[{"@type":"SearchAction","target":{"@type":"EntryPoint","urlTemplate":"https:\/\/www.krullys.de\/?s={search_term_string}"},"query-input":{"@type":"PropertyValueSpecification","valueRequired":true,"valueName":"search_term_string"}}],"inLanguage":"de"},{"@type":"Organization","@id":"https:\/\/www.krullys.de\/#organization","name":"Kindergruppe Krullys","url":"https:\/\/www.krullys.de\/","logo":{"@type":"ImageObject","inLanguage":"de","@id":"https:\/\/www.krullys.de\/#\/schema\/logo\/image\/","url":"https:\/\/www.krullys.de\/wp-content\/uploads\/cropped-287841C2-0086-47CA-99E4-F86CC1AE6E5D.png","contentUrl":"https:\/\/www.krullys.de\/wp-content\/uploads\/cropped-287841C2-0086-47CA-99E4-F86CC1AE6E5D.png","width":552,"height":614,"caption":"Kindergruppe Krullys"},"image":{"@id":"https:\/\/www.krullys.de\/#\/schema\/logo\/image\/"}}]}},"_links":{"self":[{"href":"https:\/\/www.krullys.de\/index.php?rest_route=\/wp\/v2\/pages\/827","targetHints":{"allow":["GET"]}}],"collection":[{"href":"https:\/\/www.krullys.de\/index.php?rest_route=\/wp\/v2\/pages"}],"about":[{"href":"https:\/\/www.krullys.de\/index.php?rest_route=\/wp\/v2\/types\/page"}],"author":[{"embeddable":true,"href":"https:\/\/www.krullys.de\/index.php?rest_route=\/wp\/v2\/users\/9"}],"replies":[{"embeddable":true,"href":"https:\/\/www.krullys.de\/index.php?rest_route=%2Fwp%2Fv2%2Fcomments&post=827"}],"version-history":[{"count":16,"href":"https:\/\/www.krullys.de\/index.php?rest_route=\/wp\/v2\/pages\/827\/revisions"}],"predecessor-version":[{"id":2086,"href":"https:\/\/www.krullys.de\/index.php?rest_route=\/wp\/v2\/pages\/827\/revisions\/2086"}],"wp:featuredmedia":[{"embeddable":true,"href":"https:\/\/www.krullys.de\/index.php?rest_route=\/wp\/v2\/media\/1620"}],"wp:attachment":[{"href":"https:\/\/www.krullys.de\/index.php?rest_route=%2Fwp%2Fv2%2Fmedia&parent=827"}],"curies":[{"name":"wp","href":"https:\/\/api.w.org\/{rel}","templated":true}]}}