{"id":825,"date":"2019-03-19T22:54:38","date_gmt":"2019-03-19T20:54:38","guid":{"rendered":"https:\/\/www.krullys.de\/?page_id=825"},"modified":"2019-10-14T16:15:37","modified_gmt":"2019-10-14T14:15:37","slug":"die-sommerwiese-elternarbeit","status":"publish","type":"page","link":"https:\/\/www.krullys.de\/?page_id=825","title":{"rendered":"Elternarbeit"},"content":{"rendered":"\n<p>Oh je, heute morgen ist unser gro\u00dfer Schrank kaputt gegangen \u2013 Kein Problem, da Papa etwas eher kommt kann er es sicherlich reparieren! Er kann sehr gut Dinge reparieren und er sagt immer, dass es ihm sehr viel Spass macht mit anzupacken und mit den anderen Eltern zusammen sind die n\u00f6tigen Aufgaben auch schnell erledigt. <strong>\u201eViele H\u00e4nde, schnelles Ende!\u201c<\/strong><\/p>\n\n\n\n<h3 class=\"wp-block-heading\"><strong>Der Verein<\/strong><\/h3>\n\n\n\n<p>Die Elterninitiative existiert seit 1976. Die Kindergruppe \u201eDie Krullys\u201c ist eine anerkannte Tageseinrichtung f\u00fcr Kinder im Alter von 0 bis 6 Jahren. Der Tr\u00e4ger ist die freie Jugendhilfe in Tr\u00e4gerschaft der Eltern-Kind-Initiative \u201eDie Krullys e.V.\u201c. Der Verein \u201eKindergruppe Krullys e.V.\u201c verfolgt ausschlie\u00dflich und unmittelbar gemeinn\u00fctzige Zwecke. Grundlage hierzu ist die Satzung des Vereins. Die Krullys sind Mitglied im Dachverband f\u00fcr Elterninitiativen \u201eEltern helfen Eltern\u201c<\/p>\n\n\n\n<h3 class=\"wp-block-heading\"><strong>Vorstandsarbeit<\/strong>&nbsp;<\/h3>\n\n\n\n<p>Der Vorstand wird aus der Elternschaft gestellt. Der Vorstand wird in der Regel alle zwei Jahre gew\u00e4hlt und regelt die Finanzen des Vereins. Er ist f\u00fcr die organisatorischen Belange der Arbeitgeberseite zust\u00e4ndig, bereitet die Elternabende vor und ist erster Ansprechpartner f\u00fcr die ErzieherInnen.<\/p>\n\n\n\n<h3 class=\"wp-block-heading\"><strong>Elterndienste<\/strong><\/h3>\n\n\n\n<p>Als Elterninitiative werden wir von der Stadt M\u00fcnster finanziell unterst\u00fctzt. Die Organisation, Verwaltung und Weiterentwicklung der KITA liegt in den H\u00e4nden der Eltern und der Erzieherinnen, daher sind einige rotierende und feste Dienste ein fester Bestandteil unserer Kindergruppe.&nbsp;<\/p>\n\n\n\n<ul class=\"wp-block-list\"><li>Wochenenddienste: ca. 3x im Jahr mit unterschiedlichen Aufgaben \u2013 zeitlicher Aufwand ca. 2 Std.<\/li><li>Elternabende finden monatlich statt, Themen sind z.B. Organisation des Vereins, Elterndienste, Austausch der Eltern untereinander, abwechselnd mit und ohne Beteiligung der Erzieherinnen, teils finden auch themenorientierte Abende statt.<\/li><li>Elterncaf\u00e9s finden ca. alle 3 Monate statt. Dar\u00fcber hinaus finden gerade im Sommer auch spontane Treffen im direkten Anschluss an die KITA statt.<\/li><li>Es finden regelm\u00e4\u00dfig gemeinsame KITA-Aktionen z.B. Gartenaktionen, Sommerfest, Ausfl\u00fcge statt.<\/li><\/ul>\n","protected":false},"excerpt":{"rendered":"<p>Oh je, heute morgen ist unser gro\u00dfer Schrank kaputt gegangen \u2013 Kein Problem, da Papa etwas eher kommt kann er es sicherlich reparieren! Er kann sehr gut Dinge reparieren und er sagt immer, dass es ihm sehr viel Spass macht mit anzupacken und mit den anderen Eltern zusammen sind die n\u00f6tigen Aufgaben auch schnell erledigt&#8230;.<\/p>\n","protected":false},"author":9,"featured_media":1611,"parent":0,"menu_order":0,"comment_status":"closed","ping_status":"closed","template":"","meta":{"footnotes":""},"class_list":["post-825","page","type-page","status-publish","has-post-thumbnail","hentry"],"yoast_head":"<!-- This site is optimized with the Yoast SEO plugin v27.2 - https:\/\/yoast.com\/product\/yoast-seo-wordpress\/ -->\n<title>Elternarbeit - Kindergruppe Krullys<\/title>\n<meta name=\"robots\" content=\"index, follow, max-snippet:-1, max-image-preview:large, max-video-preview:-1\" \/>\n<link rel=\"canonical\" href=\"https:\/\/www.krullys.de\/?page_id=825\" \/>\n<meta property=\"og:locale\" content=\"de_DE\" \/>\n<meta property=\"og:type\" content=\"article\" \/>\n<meta property=\"og:title\" content=\"Elternarbeit - Kindergruppe Krullys\" \/>\n<meta property=\"og:description\" content=\"Oh je, heute morgen ist unser gro\u00dfer Schrank kaputt gegangen \u2013 Kein Problem, da Papa etwas eher kommt kann er es sicherlich reparieren! Er kann sehr gut Dinge reparieren und er sagt immer, dass es ihm sehr viel Spass macht mit anzupacken und mit den anderen Eltern zusammen sind die n\u00f6tigen Aufgaben auch schnell erledigt....\" \/>\n<meta property=\"og:url\" content=\"https:\/\/www.krullys.de\/?page_id=825\" \/>\n<meta property=\"og:site_name\" content=\"Kindergruppe Krullys\" \/>\n<meta property=\"article:modified_time\" content=\"2019-10-14T14:15:37+00:00\" \/>\n<meta property=\"og:image\" content=\"https:\/\/www.krullys.de\/wp-content\/uploads\/AD1EAAE1-99A9-4980-A41F-BEAF64FCE234.jpeg\" \/>\n\t<meta property=\"og:image:width\" content=\"1280\" \/>\n\t<meta property=\"og:image:height\" content=\"961\" \/>\n\t<meta property=\"og:image:type\" content=\"image\/jpeg\" \/>\n<meta name=\"twitter:card\" content=\"summary_large_image\" \/>\n<meta name=\"twitter:label1\" content=\"Gesch\u00e4tzte Lesezeit\" \/>\n\t<meta name=\"twitter:data1\" content=\"2\u00a0Minuten\" \/>\n<script type=\"application\/ld+json\" class=\"yoast-schema-graph\">{\"@context\":\"https:\/\/schema.org\",\"@graph\":[{\"@type\":\"WebPage\",\"@id\":\"https:\/\/www.krullys.de\/?page_id=825\",\"url\":\"https:\/\/www.krullys.de\/?page_id=825\",\"name\":\"Elternarbeit - Kindergruppe Krullys\",\"isPartOf\":{\"@id\":\"https:\/\/www.krullys.de\/#website\"},\"primaryImageOfPage\":{\"@id\":\"https:\/\/www.krullys.de\/?page_id=825#primaryimage\"},\"image\":{\"@id\":\"https:\/\/www.krullys.de\/?page_id=825#primaryimage\"},\"thumbnailUrl\":\"https:\/\/www.krullys.de\/wp-content\/uploads\/AD1EAAE1-99A9-4980-A41F-BEAF64FCE234.jpeg\",\"datePublished\":\"2019-03-19T20:54:38+00:00\",\"dateModified\":\"2019-10-14T14:15:37+00:00\",\"breadcrumb\":{\"@id\":\"https:\/\/www.krullys.de\/?page_id=825#breadcrumb\"},\"inLanguage\":\"de\",\"potentialAction\":[{\"@type\":\"ReadAction\",\"target\":[\"https:\/\/www.krullys.de\/?page_id=825\"]}]},{\"@type\":\"ImageObject\",\"inLanguage\":\"de\",\"@id\":\"https:\/\/www.krullys.de\/?page_id=825#primaryimage\",\"url\":\"https:\/\/www.krullys.de\/wp-content\/uploads\/AD1EAAE1-99A9-4980-A41F-BEAF64FCE234.jpeg\",\"contentUrl\":\"https:\/\/www.krullys.de\/wp-content\/uploads\/AD1EAAE1-99A9-4980-A41F-BEAF64FCE234.jpeg\",\"width\":1280,\"height\":961},{\"@type\":\"BreadcrumbList\",\"@id\":\"https:\/\/www.krullys.de\/?page_id=825#breadcrumb\",\"itemListElement\":[{\"@type\":\"ListItem\",\"position\":1,\"name\":\"Startseite\",\"item\":\"https:\/\/www.krullys.de\/\"},{\"@type\":\"ListItem\",\"position\":2,\"name\":\"Elternarbeit\"}]},{\"@type\":\"WebSite\",\"@id\":\"https:\/\/www.krullys.de\/#website\",\"url\":\"https:\/\/www.krullys.de\/\",\"name\":\"Kindergruppe Krullys\",\"description\":\"\",\"publisher\":{\"@id\":\"https:\/\/www.krullys.de\/#organization\"},\"potentialAction\":[{\"@type\":\"SearchAction\",\"target\":{\"@type\":\"EntryPoint\",\"urlTemplate\":\"https:\/\/www.krullys.de\/?s={search_term_string}\"},\"query-input\":{\"@type\":\"PropertyValueSpecification\",\"valueRequired\":true,\"valueName\":\"search_term_string\"}}],\"inLanguage\":\"de\"},{\"@type\":\"Organization\",\"@id\":\"https:\/\/www.krullys.de\/#organization\",\"name\":\"Kindergruppe Krullys\",\"url\":\"https:\/\/www.krullys.de\/\",\"logo\":{\"@type\":\"ImageObject\",\"inLanguage\":\"de\",\"@id\":\"https:\/\/www.krullys.de\/#\/schema\/logo\/image\/\",\"url\":\"https:\/\/www.krullys.de\/wp-content\/uploads\/cropped-287841C2-0086-47CA-99E4-F86CC1AE6E5D.png\",\"contentUrl\":\"https:\/\/www.krullys.de\/wp-content\/uploads\/cropped-287841C2-0086-47CA-99E4-F86CC1AE6E5D.png\",\"width\":552,\"height\":614,\"caption\":\"Kindergruppe Krullys\"},\"image\":{\"@id\":\"https:\/\/www.krullys.de\/#\/schema\/logo\/image\/\"}}]}<\/script>\n<!-- \/ Yoast SEO plugin. -->","yoast_head_json":{"title":"Elternarbeit - Kindergruppe Krullys","robots":{"index":"index","follow":"follow","max-snippet":"max-snippet:-1","max-image-preview":"max-image-preview:large","max-video-preview":"max-video-preview:-1"},"canonical":"https:\/\/www.krullys.de\/?page_id=825","og_locale":"de_DE","og_type":"article","og_title":"Elternarbeit - Kindergruppe Krullys","og_description":"Oh je, heute morgen ist unser gro\u00dfer Schrank kaputt gegangen \u2013 Kein Problem, da Papa etwas eher kommt kann er es sicherlich reparieren! Er kann sehr gut Dinge reparieren und er sagt immer, dass es ihm sehr viel Spass macht mit anzupacken und mit den anderen Eltern zusammen sind die n\u00f6tigen Aufgaben auch schnell erledigt....","og_url":"https:\/\/www.krullys.de\/?page_id=825","og_site_name":"Kindergruppe Krullys","article_modified_time":"2019-10-14T14:15:37+00:00","og_image":[{"width":1280,"height":961,"url":"https:\/\/www.krullys.de\/wp-content\/uploads\/AD1EAAE1-99A9-4980-A41F-BEAF64FCE234.jpeg","type":"image\/jpeg"}],"twitter_card":"summary_large_image","twitter_misc":{"Gesch\u00e4tzte Lesezeit":"2\u00a0Minuten"},"schema":{"@context":"https:\/\/schema.org","@graph":[{"@type":"WebPage","@id":"https:\/\/www.krullys.de\/?page_id=825","url":"https:\/\/www.krullys.de\/?page_id=825","name":"Elternarbeit - Kindergruppe Krullys","isPartOf":{"@id":"https:\/\/www.krullys.de\/#website"},"primaryImageOfPage":{"@id":"https:\/\/www.krullys.de\/?page_id=825#primaryimage"},"image":{"@id":"https:\/\/www.krullys.de\/?page_id=825#primaryimage"},"thumbnailUrl":"https:\/\/www.krullys.de\/wp-content\/uploads\/AD1EAAE1-99A9-4980-A41F-BEAF64FCE234.jpeg","datePublished":"2019-03-19T20:54:38+00:00","dateModified":"2019-10-14T14:15:37+00:00","breadcrumb":{"@id":"https:\/\/www.krullys.de\/?page_id=825#breadcrumb"},"inLanguage":"de","potentialAction":[{"@type":"ReadAction","target":["https:\/\/www.krullys.de\/?page_id=825"]}]},{"@type":"ImageObject","inLanguage":"de","@id":"https:\/\/www.krullys.de\/?page_id=825#primaryimage","url":"https:\/\/www.krullys.de\/wp-content\/uploads\/AD1EAAE1-99A9-4980-A41F-BEAF64FCE234.jpeg","contentUrl":"https:\/\/www.krullys.de\/wp-content\/uploads\/AD1EAAE1-99A9-4980-A41F-BEAF64FCE234.jpeg","width":1280,"height":961},{"@type":"BreadcrumbList","@id":"https:\/\/www.krullys.de\/?page_id=825#breadcrumb","itemListElement":[{"@type":"ListItem","position":1,"name":"Startseite","item":"https:\/\/www.krullys.de\/"},{"@type":"ListItem","position":2,"name":"Elternarbeit"}]},{"@type":"WebSite","@id":"https:\/\/www.krullys.de\/#website","url":"https:\/\/www.krullys.de\/","name":"Kindergruppe Krullys","description":"","publisher":{"@id":"https:\/\/www.krullys.de\/#organization"},"potentialAction":[{"@type":"SearchAction","target":{"@type":"EntryPoint","urlTemplate":"https:\/\/www.krullys.de\/?s={search_term_string}"},"query-input":{"@type":"PropertyValueSpecification","valueRequired":true,"valueName":"search_term_string"}}],"inLanguage":"de"},{"@type":"Organization","@id":"https:\/\/www.krullys.de\/#organization","name":"Kindergruppe Krullys","url":"https:\/\/www.krullys.de\/","logo":{"@type":"ImageObject","inLanguage":"de","@id":"https:\/\/www.krullys.de\/#\/schema\/logo\/image\/","url":"https:\/\/www.krullys.de\/wp-content\/uploads\/cropped-287841C2-0086-47CA-99E4-F86CC1AE6E5D.png","contentUrl":"https:\/\/www.krullys.de\/wp-content\/uploads\/cropped-287841C2-0086-47CA-99E4-F86CC1AE6E5D.png","width":552,"height":614,"caption":"Kindergruppe Krullys"},"image":{"@id":"https:\/\/www.krullys.de\/#\/schema\/logo\/image\/"}}]}},"_links":{"self":[{"href":"https:\/\/www.krullys.de\/index.php?rest_route=\/wp\/v2\/pages\/825","targetHints":{"allow":["GET"]}}],"collection":[{"href":"https:\/\/www.krullys.de\/index.php?rest_route=\/wp\/v2\/pages"}],"about":[{"href":"https:\/\/www.krullys.de\/index.php?rest_route=\/wp\/v2\/types\/page"}],"author":[{"embeddable":true,"href":"https:\/\/www.krullys.de\/index.php?rest_route=\/wp\/v2\/users\/9"}],"replies":[{"embeddable":true,"href":"https:\/\/www.krullys.de\/index.php?rest_route=%2Fwp%2Fv2%2Fcomments&post=825"}],"version-history":[{"count":6,"href":"https:\/\/www.krullys.de\/index.php?rest_route=\/wp\/v2\/pages\/825\/revisions"}],"predecessor-version":[{"id":1725,"href":"https:\/\/www.krullys.de\/index.php?rest_route=\/wp\/v2\/pages\/825\/revisions\/1725"}],"wp:featuredmedia":[{"embeddable":true,"href":"https:\/\/www.krullys.de\/index.php?rest_route=\/wp\/v2\/media\/1611"}],"wp:attachment":[{"href":"https:\/\/www.krullys.de\/index.php?rest_route=%2Fwp%2Fv2%2Fmedia&parent=825"}],"curies":[{"name":"wp","href":"https:\/\/api.w.org\/{rel}","templated":true}]}}