{"id":795,"date":"2019-03-19T22:54:13","date_gmt":"2019-03-19T20:54:13","guid":{"rendered":"https:\/\/www.krullys.de\/?page_id=795"},"modified":"2026-03-29T21:23:18","modified_gmt":"2026-03-29T19:23:18","slug":"die-kuschelhoehle","status":"publish","type":"page","link":"https:\/\/www.krullys.de\/?page_id=795","title":{"rendered":"Spielen &#038; Lernen"},"content":{"rendered":"\n<p>Als erstes geht es in die Kuschelh\u00f6hle. Hoffentlich sind meine Freunde auch schon da.&nbsp;Hier gibt es jeden Morgen sehr viel zu entdecken. Heute Morgen nehme ich erstmal ein ausgedehntes B\u00e4llebad!&nbsp;<\/p>\n\n\n\n<h3 class=\"wp-block-heading\">Das Freispiel<\/h3>\n\n\n\n<p>Im Freispiel k\u00f6nnen die Kinder ihre Spielform, Spielart, Spieldauer, Spielpartner und Spielmaterial selbst w\u00e4hlen. Durch das Freispiel lernen sie ihre eigenen Bed\u00fcrfnisse kennen, entfalten Eigeninitiative, sind kreativ und lernen selbst\u00e4ndig zu sein.<\/p>\n\n\n<div class=\"wp-block-image\">\n<figure class=\"aligncenter\"><img loading=\"lazy\" decoding=\"async\" width=\"1024\" height=\"576\" src=\"https:\/\/www.krullys.de\/wp-content\/uploads\/6C22ABA7-9F14-4414-8C26-370D23DABB74-1024x576.jpeg\" alt=\"\" class=\"wp-image-1646\" srcset=\"https:\/\/www.krullys.de\/wp-content\/uploads\/6C22ABA7-9F14-4414-8C26-370D23DABB74-1024x576.jpeg 1024w, https:\/\/www.krullys.de\/wp-content\/uploads\/6C22ABA7-9F14-4414-8C26-370D23DABB74-300x169.jpeg 300w, https:\/\/www.krullys.de\/wp-content\/uploads\/6C22ABA7-9F14-4414-8C26-370D23DABB74-768x432.jpeg 768w, https:\/\/www.krullys.de\/wp-content\/uploads\/6C22ABA7-9F14-4414-8C26-370D23DABB74.jpeg 1280w\" sizes=\"auto, (max-width: 1024px) 100vw, 1024px\" \/><\/figure>\n<\/div>\n\n\n<h3 class=\"wp-block-heading\"><strong>Kreative Angebote&nbsp;<\/strong> <\/h3>\n\n\n\n<p>In unserer Drachengemeinschaft haben wir t\u00e4glich die M\u00f6glichkeit f\u00fcr kreatives Werken, wie z.B. Malen, Basteln und Bauen. Hierbei sollen wir m\u00f6glichst viele Werkzeuge (Stift, Pinsel, Schere, Kleber, Hammer etc.) und Materialien (Tusche, Holz, Karton, Ton etc.) kennenlernen.<\/p>\n\n\n\n<figure class=\"wp-block-gallery has-nested-images columns-2 is-cropped wp-block-gallery-1 is-layout-flex wp-block-gallery-is-layout-flex\">\n<figure class=\"wp-block-image\"><img loading=\"lazy\" decoding=\"async\" width=\"1000\" height=\"750\" data-id=\"1650\" src=\"https:\/\/www.krullys.de\/wp-content\/uploads\/cropped-AA7AE3A2-CF1E-4BA8-853E-1D578E1A47CB.jpeg\" alt=\"\" class=\"wp-image-1650\" srcset=\"https:\/\/www.krullys.de\/wp-content\/uploads\/cropped-AA7AE3A2-CF1E-4BA8-853E-1D578E1A47CB.jpeg 1000w, https:\/\/www.krullys.de\/wp-content\/uploads\/cropped-AA7AE3A2-CF1E-4BA8-853E-1D578E1A47CB-300x225.jpeg 300w, https:\/\/www.krullys.de\/wp-content\/uploads\/cropped-AA7AE3A2-CF1E-4BA8-853E-1D578E1A47CB-768x576.jpeg 768w\" sizes=\"auto, (max-width: 1000px) 100vw, 1000px\" \/><\/figure>\n\n\n\n<figure class=\"wp-block-image\"><img loading=\"lazy\" decoding=\"async\" width=\"1000\" height=\"750\" data-id=\"1649\" src=\"https:\/\/www.krullys.de\/wp-content\/uploads\/cropped-1BAC0484-C6C7-454A-B9FD-BCD3C2B89E96.jpeg\" alt=\"\" class=\"wp-image-1649\" srcset=\"https:\/\/www.krullys.de\/wp-content\/uploads\/cropped-1BAC0484-C6C7-454A-B9FD-BCD3C2B89E96.jpeg 1000w, https:\/\/www.krullys.de\/wp-content\/uploads\/cropped-1BAC0484-C6C7-454A-B9FD-BCD3C2B89E96-300x225.jpeg 300w, https:\/\/www.krullys.de\/wp-content\/uploads\/cropped-1BAC0484-C6C7-454A-B9FD-BCD3C2B89E96-768x576.jpeg 768w\" sizes=\"auto, (max-width: 1000px) 100vw, 1000px\" \/><\/figure>\n<\/figure>\n\n\n\n<p>So nun schnell auf die Toilette bevor es zu sp\u00e4t ist. Eine Erzieherin hilft mir auf unser Miniklo. Das ist super, da es kleiner ist und ich super lernen kann trocken zu werden. Und wenn mal etwas daneben geht, bekomme ich nat\u00fcrlich eine Windel und neue Sachen angezogen. <\/p>\n\n\n\n<h3 class=\"wp-block-heading\">Bewegungsangebote<\/h3>\n\n\n\n<p>Nun steht dem Toben nichts mehr im Weg und es geht in die Tobehalle, in der die H\u00e4ngematte schon auf mich wartet. Unser Turn- und Toberaum steht uns t\u00e4glich zur Verf\u00fcgung. Auf spielerische Art lernen und \u00fcben wir Laufen, Rennen, Klettern, Balancieren, Fangen, Werfen etc. <\/p>\n\n\n\n<figure class=\"wp-block-gallery has-nested-images columns-4 is-cropped wp-block-gallery-2 is-layout-flex wp-block-gallery-is-layout-flex\">\n<figure class=\"wp-block-image\"><img loading=\"lazy\" decoding=\"async\" width=\"682\" height=\"1024\" data-id=\"1645\" src=\"https:\/\/www.krullys.de\/wp-content\/uploads\/B5A9EE60-B74A-4D83-8A6A-15F47DCD28C9-682x1024.jpeg\" alt=\"\" class=\"wp-image-1645\" srcset=\"https:\/\/www.krullys.de\/wp-content\/uploads\/B5A9EE60-B74A-4D83-8A6A-15F47DCD28C9-682x1024.jpeg 682w, https:\/\/www.krullys.de\/wp-content\/uploads\/B5A9EE60-B74A-4D83-8A6A-15F47DCD28C9-200x300.jpeg 200w, https:\/\/www.krullys.de\/wp-content\/uploads\/B5A9EE60-B74A-4D83-8A6A-15F47DCD28C9-768x1152.jpeg 768w, https:\/\/www.krullys.de\/wp-content\/uploads\/B5A9EE60-B74A-4D83-8A6A-15F47DCD28C9.jpeg 853w\" sizes=\"auto, (max-width: 682px) 100vw, 682px\" \/><\/figure>\n\n\n\n<figure class=\"wp-block-image\"><img loading=\"lazy\" decoding=\"async\" width=\"682\" height=\"1024\" data-id=\"1643\" src=\"https:\/\/www.krullys.de\/wp-content\/uploads\/AFD2128F-6423-4DDC-A060-BEFA8E367180-682x1024.jpeg\" alt=\"\" class=\"wp-image-1643\" srcset=\"https:\/\/www.krullys.de\/wp-content\/uploads\/AFD2128F-6423-4DDC-A060-BEFA8E367180-682x1024.jpeg 682w, https:\/\/www.krullys.de\/wp-content\/uploads\/AFD2128F-6423-4DDC-A060-BEFA8E367180-200x300.jpeg 200w, https:\/\/www.krullys.de\/wp-content\/uploads\/AFD2128F-6423-4DDC-A060-BEFA8E367180-768x1152.jpeg 768w, https:\/\/www.krullys.de\/wp-content\/uploads\/AFD2128F-6423-4DDC-A060-BEFA8E367180.jpeg 853w\" sizes=\"auto, (max-width: 682px) 100vw, 682px\" \/><\/figure>\n\n\n\n<figure class=\"wp-block-image\"><img loading=\"lazy\" decoding=\"async\" width=\"576\" height=\"1024\" data-id=\"1644\" src=\"https:\/\/www.krullys.de\/wp-content\/uploads\/EE40E487-AA51-4FB9-9E54-0F04C4AF7B46-576x1024.jpeg\" alt=\"\" class=\"wp-image-1644\" srcset=\"https:\/\/www.krullys.de\/wp-content\/uploads\/EE40E487-AA51-4FB9-9E54-0F04C4AF7B46-576x1024.jpeg 576w, https:\/\/www.krullys.de\/wp-content\/uploads\/EE40E487-AA51-4FB9-9E54-0F04C4AF7B46-169x300.jpeg 169w, https:\/\/www.krullys.de\/wp-content\/uploads\/EE40E487-AA51-4FB9-9E54-0F04C4AF7B46.jpeg 720w\" sizes=\"auto, (max-width: 576px) 100vw, 576px\" \/><\/figure>\n\n\n\n<figure class=\"wp-block-image\"><img loading=\"lazy\" decoding=\"async\" width=\"566\" height=\"1024\" data-id=\"1641\" src=\"https:\/\/www.krullys.de\/wp-content\/uploads\/D49A902F-085E-4832-BC1C-526891E4ECB0-566x1024.jpeg\" alt=\"\" class=\"wp-image-1641\" srcset=\"https:\/\/www.krullys.de\/wp-content\/uploads\/D49A902F-085E-4832-BC1C-526891E4ECB0-566x1024.jpeg 566w, https:\/\/www.krullys.de\/wp-content\/uploads\/D49A902F-085E-4832-BC1C-526891E4ECB0-166x300.jpeg 166w, https:\/\/www.krullys.de\/wp-content\/uploads\/D49A902F-085E-4832-BC1C-526891E4ECB0.jpeg 707w\" sizes=\"auto, (max-width: 566px) 100vw, 566px\" \/><\/figure>\n<\/figure>\n\n\n\n<h3 class=\"wp-block-heading\"><strong>Mitbringtag&nbsp;<\/strong> <\/h3>\n\n\n\n<p class=\"has-text-align-left\">Mittwochs ist bei den Krullys Mitbringtag. An dem Tag d\u00fcrfen wir ein Spielzeug von zu Hause mitbringen. Ich habe heute mein eigenes Dreirad mitgebracht. So lerne ich meine Sachen mit meinen Freunden zu teilen. Gef\u00f6rdert wird dabei der emotional- soziale Bereich und allgemein die Sozialkompetenz. Kuscheltiere und Bilderb\u00fccher d\u00fcrfen wir zus\u00e4tzlich jeden Tag mitbringen.<\/p>\n\n\n\n<h3 class=\"wp-block-heading\"><strong>Theater spielen \/ Rollenspiele<\/strong> <\/h3>\n\n\n\n<p>Kreative darstellende Spiele finden bei uns sowohl im kleinen Rahmen (z.B. Rollenspiel) als auch im gro\u00dfen Rahmen (z.B. Theaterst\u00fcck) statt. Zu den allt\u00e4glichen Rollenspielen in der Kita geh\u00f6ren z.B. das klassische \u201eMutter-Vater-Kind\u201c Spiel oder das \u201eArztspiel\u201c. Das Rollenspiel verschafft den Kindern Zugang zu einer anderen Welt. Theaterst\u00fccke werden zu verschiedenen Anl\u00e4ssen (Feste) oder zu verschiedenen Themen einge\u00fcbt. Das Theaterspiel wird vor den Eltern aufgef\u00fchrt, wenn die Kinder es wollen.<\/p>\n\n\n\n<h3 class=\"wp-block-heading\"><strong>Experimentieren \/ Forschendes Lernen<\/strong>&nbsp; <\/h3>\n\n\n\n<p>In regelm\u00e4\u00dfigen Abst\u00e4nden d\u00fcrfen wir uns an verschiedensten Experimenten versuchen. Wir haben dabei die M\u00f6glichkeit erste physikalische Erfahrungen zu machen, ihre logischen Zusammenh\u00e4nge zu erkennen und eigene R\u00fcckschl\u00fcsse ziehen zu k\u00f6nnen. Nat\u00fcrlich lernen wir hier auch mit Drachenfeuer zu spucken! CHRRRRR!!<\/p>\n\n\n\n<p>Dank der gro\u00dfz\u00fcgigen Unterst\u00fctzung der Volksbank im M\u00fcnsterland konnten wir 2026 wieder neues Material und Werkzeuge f\u00fcr unsere kleinen Entdecker anschaffen:<\/p>\n\n\n\n<figure class=\"wp-block-image size-large\"><img loading=\"lazy\" decoding=\"async\" width=\"1024\" height=\"675\" src=\"https:\/\/www.krullys.de\/wp-content\/uploads\/experimente_krullys-1-1024x675.jpeg\" alt=\"\" class=\"wp-image-2097\" srcset=\"https:\/\/www.krullys.de\/wp-content\/uploads\/experimente_krullys-1-1024x675.jpeg 1024w, https:\/\/www.krullys.de\/wp-content\/uploads\/experimente_krullys-1-300x198.jpeg 300w, https:\/\/www.krullys.de\/wp-content\/uploads\/experimente_krullys-1-768x507.jpeg 768w, https:\/\/www.krullys.de\/wp-content\/uploads\/experimente_krullys-1-1536x1013.jpeg 1536w, https:\/\/www.krullys.de\/wp-content\/uploads\/experimente_krullys-1-2048x1351.jpeg 2048w\" sizes=\"auto, (max-width: 1024px) 100vw, 1024px\" \/><\/figure>\n\n\n\n<h3 class=\"wp-block-heading\"><strong>Musik \/ Fingerspiele&nbsp;<\/strong> <\/h3>\n\n\n\n<p>Singen, Musizieren und Fingerspiele integrieren wir in die t\u00e4gliche Kindergruppenarbeit. Im Vordergrund steht der Spa\u00df an der Musik und der Sprache. Die Kinder entwickeln dabei ein Gef\u00fchl f\u00fcr Rhythmus und Melodie. Die \u00dc-3 Kinder k\u00f6nnen jede Woche an einer Musikstunde teilnehmen.<\/p>\n\n\n\n<h3 class=\"wp-block-heading\"><strong>Vorschule<\/strong> <\/h3>\n\n\n\n<figure class=\"wp-block-image\"><img loading=\"lazy\" decoding=\"async\" width=\"1024\" height=\"767\" src=\"https:\/\/www.krullys.de\/wp-content\/uploads\/5D94C9B0-56F7-4E5E-9D6F-5B094E91EF76-1024x767.jpeg\" alt=\"\" class=\"wp-image-1639\" srcset=\"https:\/\/www.krullys.de\/wp-content\/uploads\/5D94C9B0-56F7-4E5E-9D6F-5B094E91EF76-1024x767.jpeg 1024w, https:\/\/www.krullys.de\/wp-content\/uploads\/5D94C9B0-56F7-4E5E-9D6F-5B094E91EF76-300x225.jpeg 300w, https:\/\/www.krullys.de\/wp-content\/uploads\/5D94C9B0-56F7-4E5E-9D6F-5B094E91EF76-768x575.jpeg 768w, https:\/\/www.krullys.de\/wp-content\/uploads\/5D94C9B0-56F7-4E5E-9D6F-5B094E91EF76.jpeg 1280w\" sizes=\"auto, (max-width: 1024px) 100vw, 1024px\" \/><\/figure>\n\n\n\n<p>F\u00fcr die angehenden Schulkinder bieten wir einmal in der Woche eine \u201eVorschuleinheit\u201c an. Erste \u201eschulische\u201c Aufgaben werden spielerisch angeboten.&nbsp;<\/p>\n","protected":false},"excerpt":{"rendered":"<p>Als erstes geht es in die Kuschelh\u00f6hle. Hoffentlich sind meine Freunde auch schon da.&nbsp;Hier gibt es jeden Morgen sehr viel zu entdecken. Heute Morgen nehme ich erstmal ein ausgedehntes B\u00e4llebad!&nbsp; Das Freispiel Im Freispiel k\u00f6nnen die Kinder ihre Spielform, Spielart, Spieldauer, Spielpartner und Spielmaterial selbst w\u00e4hlen. Durch das Freispiel lernen sie ihre eigenen Bed\u00fcrfnisse kennen,&#8230;<\/p>\n","protected":false},"author":9,"featured_media":1610,"parent":0,"menu_order":0,"comment_status":"closed","ping_status":"closed","template":"","meta":{"footnotes":""},"class_list":["post-795","page","type-page","status-publish","has-post-thumbnail","hentry"],"yoast_head":"<!-- This site is optimized with the Yoast SEO plugin v27.2 - https:\/\/yoast.com\/product\/yoast-seo-wordpress\/ -->\n<title>Spielen &amp; Lernen - Kindergruppe Krullys<\/title>\n<meta name=\"robots\" content=\"index, follow, max-snippet:-1, max-image-preview:large, max-video-preview:-1\" \/>\n<link rel=\"canonical\" href=\"https:\/\/www.krullys.de\/?page_id=795\" \/>\n<meta property=\"og:locale\" content=\"de_DE\" \/>\n<meta property=\"og:type\" content=\"article\" \/>\n<meta property=\"og:title\" content=\"Spielen &amp; Lernen - Kindergruppe Krullys\" \/>\n<meta property=\"og:description\" content=\"Als erstes geht es in die Kuschelh\u00f6hle. Hoffentlich sind meine Freunde auch schon da.&nbsp;Hier gibt es jeden Morgen sehr viel zu entdecken. Heute Morgen nehme ich erstmal ein ausgedehntes B\u00e4llebad!&nbsp; Das Freispiel Im Freispiel k\u00f6nnen die Kinder ihre Spielform, Spielart, Spieldauer, Spielpartner und Spielmaterial selbst w\u00e4hlen. Durch das Freispiel lernen sie ihre eigenen Bed\u00fcrfnisse kennen,...\" \/>\n<meta property=\"og:url\" content=\"https:\/\/www.krullys.de\/?page_id=795\" \/>\n<meta property=\"og:site_name\" content=\"Kindergruppe Krullys\" \/>\n<meta property=\"article:modified_time\" content=\"2026-03-29T19:23:18+00:00\" \/>\n<meta property=\"og:image\" content=\"https:\/\/www.krullys.de\/wp-content\/uploads\/32300991-9CD5-4293-9F2C-59EE614A8E53.jpeg\" \/>\n\t<meta property=\"og:image:width\" content=\"1280\" \/>\n\t<meta property=\"og:image:height\" content=\"960\" \/>\n\t<meta property=\"og:image:type\" content=\"image\/jpeg\" \/>\n<meta name=\"twitter:card\" content=\"summary_large_image\" \/>\n<meta name=\"twitter:label1\" content=\"Gesch\u00e4tzte Lesezeit\" \/>\n\t<meta name=\"twitter:data1\" content=\"5\u00a0Minuten\" \/>\n<script type=\"application\/ld+json\" class=\"yoast-schema-graph\">{\"@context\":\"https:\/\/schema.org\",\"@graph\":[{\"@type\":\"WebPage\",\"@id\":\"https:\/\/www.krullys.de\/?page_id=795\",\"url\":\"https:\/\/www.krullys.de\/?page_id=795\",\"name\":\"Spielen & Lernen - Kindergruppe Krullys\",\"isPartOf\":{\"@id\":\"https:\/\/www.krullys.de\/#website\"},\"primaryImageOfPage\":{\"@id\":\"https:\/\/www.krullys.de\/?page_id=795#primaryimage\"},\"image\":{\"@id\":\"https:\/\/www.krullys.de\/?page_id=795#primaryimage\"},\"thumbnailUrl\":\"https:\/\/www.krullys.de\/wp-content\/uploads\/32300991-9CD5-4293-9F2C-59EE614A8E53.jpeg\",\"datePublished\":\"2019-03-19T20:54:13+00:00\",\"dateModified\":\"2026-03-29T19:23:18+00:00\",\"breadcrumb\":{\"@id\":\"https:\/\/www.krullys.de\/?page_id=795#breadcrumb\"},\"inLanguage\":\"de\",\"potentialAction\":[{\"@type\":\"ReadAction\",\"target\":[\"https:\/\/www.krullys.de\/?page_id=795\"]}]},{\"@type\":\"ImageObject\",\"inLanguage\":\"de\",\"@id\":\"https:\/\/www.krullys.de\/?page_id=795#primaryimage\",\"url\":\"https:\/\/www.krullys.de\/wp-content\/uploads\/32300991-9CD5-4293-9F2C-59EE614A8E53.jpeg\",\"contentUrl\":\"https:\/\/www.krullys.de\/wp-content\/uploads\/32300991-9CD5-4293-9F2C-59EE614A8E53.jpeg\",\"width\":1280,\"height\":960},{\"@type\":\"BreadcrumbList\",\"@id\":\"https:\/\/www.krullys.de\/?page_id=795#breadcrumb\",\"itemListElement\":[{\"@type\":\"ListItem\",\"position\":1,\"name\":\"Startseite\",\"item\":\"https:\/\/www.krullys.de\/\"},{\"@type\":\"ListItem\",\"position\":2,\"name\":\"Spielen &#038; Lernen\"}]},{\"@type\":\"WebSite\",\"@id\":\"https:\/\/www.krullys.de\/#website\",\"url\":\"https:\/\/www.krullys.de\/\",\"name\":\"Kindergruppe Krullys\",\"description\":\"\",\"publisher\":{\"@id\":\"https:\/\/www.krullys.de\/#organization\"},\"potentialAction\":[{\"@type\":\"SearchAction\",\"target\":{\"@type\":\"EntryPoint\",\"urlTemplate\":\"https:\/\/www.krullys.de\/?s={search_term_string}\"},\"query-input\":{\"@type\":\"PropertyValueSpecification\",\"valueRequired\":true,\"valueName\":\"search_term_string\"}}],\"inLanguage\":\"de\"},{\"@type\":\"Organization\",\"@id\":\"https:\/\/www.krullys.de\/#organization\",\"name\":\"Kindergruppe Krullys\",\"url\":\"https:\/\/www.krullys.de\/\",\"logo\":{\"@type\":\"ImageObject\",\"inLanguage\":\"de\",\"@id\":\"https:\/\/www.krullys.de\/#\/schema\/logo\/image\/\",\"url\":\"https:\/\/www.krullys.de\/wp-content\/uploads\/cropped-287841C2-0086-47CA-99E4-F86CC1AE6E5D.png\",\"contentUrl\":\"https:\/\/www.krullys.de\/wp-content\/uploads\/cropped-287841C2-0086-47CA-99E4-F86CC1AE6E5D.png\",\"width\":552,\"height\":614,\"caption\":\"Kindergruppe Krullys\"},\"image\":{\"@id\":\"https:\/\/www.krullys.de\/#\/schema\/logo\/image\/\"}}]}<\/script>\n<!-- \/ Yoast SEO plugin. -->","yoast_head_json":{"title":"Spielen & Lernen - Kindergruppe Krullys","robots":{"index":"index","follow":"follow","max-snippet":"max-snippet:-1","max-image-preview":"max-image-preview:large","max-video-preview":"max-video-preview:-1"},"canonical":"https:\/\/www.krullys.de\/?page_id=795","og_locale":"de_DE","og_type":"article","og_title":"Spielen & Lernen - Kindergruppe Krullys","og_description":"Als erstes geht es in die Kuschelh\u00f6hle. Hoffentlich sind meine Freunde auch schon da.&nbsp;Hier gibt es jeden Morgen sehr viel zu entdecken. Heute Morgen nehme ich erstmal ein ausgedehntes B\u00e4llebad!&nbsp; Das Freispiel Im Freispiel k\u00f6nnen die Kinder ihre Spielform, Spielart, Spieldauer, Spielpartner und Spielmaterial selbst w\u00e4hlen. Durch das Freispiel lernen sie ihre eigenen Bed\u00fcrfnisse kennen,...","og_url":"https:\/\/www.krullys.de\/?page_id=795","og_site_name":"Kindergruppe Krullys","article_modified_time":"2026-03-29T19:23:18+00:00","og_image":[{"width":1280,"height":960,"url":"https:\/\/www.krullys.de\/wp-content\/uploads\/32300991-9CD5-4293-9F2C-59EE614A8E53.jpeg","type":"image\/jpeg"}],"twitter_card":"summary_large_image","twitter_misc":{"Gesch\u00e4tzte Lesezeit":"5\u00a0Minuten"},"schema":{"@context":"https:\/\/schema.org","@graph":[{"@type":"WebPage","@id":"https:\/\/www.krullys.de\/?page_id=795","url":"https:\/\/www.krullys.de\/?page_id=795","name":"Spielen & Lernen - Kindergruppe Krullys","isPartOf":{"@id":"https:\/\/www.krullys.de\/#website"},"primaryImageOfPage":{"@id":"https:\/\/www.krullys.de\/?page_id=795#primaryimage"},"image":{"@id":"https:\/\/www.krullys.de\/?page_id=795#primaryimage"},"thumbnailUrl":"https:\/\/www.krullys.de\/wp-content\/uploads\/32300991-9CD5-4293-9F2C-59EE614A8E53.jpeg","datePublished":"2019-03-19T20:54:13+00:00","dateModified":"2026-03-29T19:23:18+00:00","breadcrumb":{"@id":"https:\/\/www.krullys.de\/?page_id=795#breadcrumb"},"inLanguage":"de","potentialAction":[{"@type":"ReadAction","target":["https:\/\/www.krullys.de\/?page_id=795"]}]},{"@type":"ImageObject","inLanguage":"de","@id":"https:\/\/www.krullys.de\/?page_id=795#primaryimage","url":"https:\/\/www.krullys.de\/wp-content\/uploads\/32300991-9CD5-4293-9F2C-59EE614A8E53.jpeg","contentUrl":"https:\/\/www.krullys.de\/wp-content\/uploads\/32300991-9CD5-4293-9F2C-59EE614A8E53.jpeg","width":1280,"height":960},{"@type":"BreadcrumbList","@id":"https:\/\/www.krullys.de\/?page_id=795#breadcrumb","itemListElement":[{"@type":"ListItem","position":1,"name":"Startseite","item":"https:\/\/www.krullys.de\/"},{"@type":"ListItem","position":2,"name":"Spielen &#038; Lernen"}]},{"@type":"WebSite","@id":"https:\/\/www.krullys.de\/#website","url":"https:\/\/www.krullys.de\/","name":"Kindergruppe Krullys","description":"","publisher":{"@id":"https:\/\/www.krullys.de\/#organization"},"potentialAction":[{"@type":"SearchAction","target":{"@type":"EntryPoint","urlTemplate":"https:\/\/www.krullys.de\/?s={search_term_string}"},"query-input":{"@type":"PropertyValueSpecification","valueRequired":true,"valueName":"search_term_string"}}],"inLanguage":"de"},{"@type":"Organization","@id":"https:\/\/www.krullys.de\/#organization","name":"Kindergruppe Krullys","url":"https:\/\/www.krullys.de\/","logo":{"@type":"ImageObject","inLanguage":"de","@id":"https:\/\/www.krullys.de\/#\/schema\/logo\/image\/","url":"https:\/\/www.krullys.de\/wp-content\/uploads\/cropped-287841C2-0086-47CA-99E4-F86CC1AE6E5D.png","contentUrl":"https:\/\/www.krullys.de\/wp-content\/uploads\/cropped-287841C2-0086-47CA-99E4-F86CC1AE6E5D.png","width":552,"height":614,"caption":"Kindergruppe Krullys"},"image":{"@id":"https:\/\/www.krullys.de\/#\/schema\/logo\/image\/"}}]}},"_links":{"self":[{"href":"https:\/\/www.krullys.de\/index.php?rest_route=\/wp\/v2\/pages\/795","targetHints":{"allow":["GET"]}}],"collection":[{"href":"https:\/\/www.krullys.de\/index.php?rest_route=\/wp\/v2\/pages"}],"about":[{"href":"https:\/\/www.krullys.de\/index.php?rest_route=\/wp\/v2\/types\/page"}],"author":[{"embeddable":true,"href":"https:\/\/www.krullys.de\/index.php?rest_route=\/wp\/v2\/users\/9"}],"replies":[{"embeddable":true,"href":"https:\/\/www.krullys.de\/index.php?rest_route=%2Fwp%2Fv2%2Fcomments&post=795"}],"version-history":[{"count":40,"href":"https:\/\/www.krullys.de\/index.php?rest_route=\/wp\/v2\/pages\/795\/revisions"}],"predecessor-version":[{"id":2098,"href":"https:\/\/www.krullys.de\/index.php?rest_route=\/wp\/v2\/pages\/795\/revisions\/2098"}],"wp:featuredmedia":[{"embeddable":true,"href":"https:\/\/www.krullys.de\/index.php?rest_route=\/wp\/v2\/media\/1610"}],"wp:attachment":[{"href":"https:\/\/www.krullys.de\/index.php?rest_route=%2Fwp%2Fv2%2Fmedia&parent=795"}],"curies":[{"name":"wp","href":"https:\/\/api.w.org\/{rel}","templated":true}]}}