{"id":793,"date":"2019-03-19T22:54:56","date_gmt":"2019-03-19T20:54:56","guid":{"rendered":"https:\/\/www.krullys.de\/?page_id=793"},"modified":"2024-10-25T12:33:43","modified_gmt":"2024-10-25T10:33:43","slug":"eingangsbereich","status":"publish","type":"page","link":"https:\/\/www.krullys.de\/?page_id=793","title":{"rendered":"Betreuung"},"content":{"rendered":"\n<p>Die wichtigsten Fakten f\u00fcr die Dracheneltern zuerst. Morgens bringt mich Papa um 07:30 Uhr in die Kita. Ich freue mich schon auf meine Freunde. Schnell ziehe ich meine Hausschuhe an und Papa tr\u00e4gt meine Abholzeit ein. Nun wird er zur T\u00fcr rausgeschubst und mein Tag startet.&nbsp;<\/p>\n\n\n\n<h3 class=\"wp-block-heading\"><strong>Mein Start in den Krully-Tag<\/strong> hat begonnen<\/h3>\n\n\n\n<p>Unsere \u00d6ffnungszeiten sind von montags bis freitags von <strong>07:30 Uhr \u2013 16:30 Uhr<\/strong>.<\/p>\n\n\n\n<ul class=\"wp-block-list\">\n<li><strong>Bringen<\/strong><br>07:30 Uhr \u2013 08:45 Uhr<br>10:00 Uhr \u2013 10:15 Uhr<br><br><\/li>\n\n\n\n<li><strong>Abholen<\/strong><br>Die Abholzeiten k\u00f6nnen flexibel gestaltet werden. Daf\u00fcr haben wir einen Aushang im Eingangsbereich, in dem die Zeiten eingetragen werden k\u00f6nnen.<\/li>\n<\/ul>\n\n\n\n<h3 class=\"wp-block-heading\"><strong>Betreuungsangebot<\/strong> <\/h3>\n\n\n\n<p>Die Betreuungszeit bei den Krullys betr\u00e4gt <strong>ausschlie\u00dflich 45h<\/strong>. Die Betreuungskosten pro Kind sind einkommensabh\u00e4ngig und gesondert an die Stadt M\u00fcnster zu entrichten (<a href=\"https:\/\/www.stadt-muenster.de\/jugendamt\/kindertagesbetreuung\/kindertageseinrichtungen\">www.stadt-muenster.de\/jugendamt\/kindertagesbetreuung\/kindertageseinrichtungen<\/a>)<\/p>\n\n\n\n<p><strong>Zus\u00e4tzliche Kosten: <\/strong><br>Derzeit liegt der monatliche Beitrag an den Verein <strong>pro Kind bei 135,00 Euro<\/strong>. Dieser Beitrag deckt alle Kita-internen Ausgaben wie z.B. Mahlzeiten, Windeln, Ausfl\u00fcge etc.<\/p>\n\n\n\n<h3 class=\"wp-block-heading\"><strong>Schlie\u00dfzeiten-Ferien<\/strong> <\/h3>\n\n\n\n<p>Die Krullys haben immer die letzten drei Wochen der Sommerferien geschlossen. Zudem ist die Kita an Rosenmontag und \u00fcber die Weihnachtstage bis Neujahr geschlossen.<\/p>\n\n\n\n<h3 class=\"wp-block-heading\">Unser Drachenessen<\/h3>\n\n\n\n<p>Huch, h\u00f6re ich da meinen Magen knurren? Es ist auch schon 09:00 Uhr. Dringend Zeit f\u00fcr das Fr\u00fchst\u00fcck. Alle meine Freunde sind nun angekommen und wir sitzen gemeinsam am Fr\u00fchst\u00fcckstisch und essen unser Brot. Mmmhhhhh, wie lecker!!<\/p>\n\n\n\n<figure class=\"wp-block-image\"><img loading=\"lazy\" decoding=\"async\" width=\"1024\" height=\"768\" src=\"https:\/\/www.krullys.de\/wp-content\/uploads\/B83DD347-6652-4B32-8364-C9994ECB14E4-1024x768.jpeg\" alt=\"\" class=\"wp-image-1638\" srcset=\"https:\/\/www.krullys.de\/wp-content\/uploads\/B83DD347-6652-4B32-8364-C9994ECB14E4-1024x768.jpeg 1024w, https:\/\/www.krullys.de\/wp-content\/uploads\/B83DD347-6652-4B32-8364-C9994ECB14E4-300x225.jpeg 300w, https:\/\/www.krullys.de\/wp-content\/uploads\/B83DD347-6652-4B32-8364-C9994ECB14E4-768x576.jpeg 768w, https:\/\/www.krullys.de\/wp-content\/uploads\/B83DD347-6652-4B32-8364-C9994ECB14E4.jpeg 1280w\" sizes=\"auto, (max-width: 1024px) 100vw, 1024px\" \/><figcaption class=\"wp-element-caption\">Heute habe ich Geburtstag und alle feiern mit.<\/figcaption><\/figure>\n\n\n\n<p>Die Kinder erhalten am Tag drei vollwertige Mahlzeiten in Bio-Qualit\u00e4t mit viel frischem Obst und Gem\u00fcse.<\/p>\n\n\n\n<h3 class=\"wp-block-heading\"><strong>Gemeinsame Planung<\/strong> unseres Tages<\/h3>\n\n\n\n<p>Nach und w\u00e4hrend dem Fr\u00fchst\u00fcck d\u00fcrfen wir jeden Tag mit entscheiden wie unser Gruppenalltag aussehen kann. Diese Gespr\u00e4che finden w\u00e4hrend des gemeinsamen Fr\u00fchst\u00fccks oder auch in Form von Sitzkreisen statt. Hier k\u00f6nnen wir unsere Ideen einbringen, den Tag planen, aber auch aktuelle Probleme aufgreifen und gemeinsame Entscheidungen treffen. Es f\u00f6rdert das Gruppenbewu\u00dftsein und die soziale Kompetenz.<\/p>\n","protected":false},"excerpt":{"rendered":"<p>Die wichtigsten Fakten f\u00fcr die Dracheneltern zuerst. Morgens bringt mich Papa um 07:30 Uhr in die Kita. Ich freue mich schon auf meine Freunde. Schnell ziehe ich meine Hausschuhe an und Papa tr\u00e4gt meine Abholzeit ein. Nun wird er zur T\u00fcr rausgeschubst und mein Tag startet.&nbsp; Mein Start in den Krully-Tag hat begonnen Unsere \u00d6ffnungszeiten&#8230;<\/p>\n","protected":false},"author":9,"featured_media":1629,"parent":0,"menu_order":0,"comment_status":"closed","ping_status":"closed","template":"","meta":{"footnotes":""},"class_list":["post-793","page","type-page","status-publish","has-post-thumbnail","hentry"],"yoast_head":"<!-- This site is optimized with the Yoast SEO plugin v27.2 - https:\/\/yoast.com\/product\/yoast-seo-wordpress\/ -->\n<title>Betreuung - Kindergruppe Krullys<\/title>\n<meta name=\"robots\" content=\"index, follow, max-snippet:-1, max-image-preview:large, max-video-preview:-1\" \/>\n<link rel=\"canonical\" href=\"https:\/\/www.krullys.de\/?page_id=793\" \/>\n<meta property=\"og:locale\" content=\"de_DE\" \/>\n<meta property=\"og:type\" content=\"article\" \/>\n<meta property=\"og:title\" content=\"Betreuung - Kindergruppe Krullys\" \/>\n<meta property=\"og:description\" content=\"Die wichtigsten Fakten f\u00fcr die Dracheneltern zuerst. Morgens bringt mich Papa um 07:30 Uhr in die Kita. Ich freue mich schon auf meine Freunde. Schnell ziehe ich meine Hausschuhe an und Papa tr\u00e4gt meine Abholzeit ein. Nun wird er zur T\u00fcr rausgeschubst und mein Tag startet.&nbsp; Mein Start in den Krully-Tag hat begonnen Unsere \u00d6ffnungszeiten...\" \/>\n<meta property=\"og:url\" content=\"https:\/\/www.krullys.de\/?page_id=793\" \/>\n<meta property=\"og:site_name\" content=\"Kindergruppe Krullys\" \/>\n<meta property=\"article:modified_time\" content=\"2024-10-25T10:33:43+00:00\" \/>\n<meta property=\"og:image\" content=\"https:\/\/www.krullys.de\/wp-content\/uploads\/7F939FD0-585D-471F-B76B-18B51D430F61.jpeg\" \/>\n\t<meta property=\"og:image:width\" content=\"1280\" \/>\n\t<meta property=\"og:image:height\" content=\"960\" \/>\n\t<meta property=\"og:image:type\" content=\"image\/jpeg\" \/>\n<meta name=\"twitter:card\" content=\"summary_large_image\" \/>\n<meta name=\"twitter:label1\" content=\"Gesch\u00e4tzte Lesezeit\" \/>\n\t<meta name=\"twitter:data1\" content=\"3\u00a0Minuten\" \/>\n<script type=\"application\/ld+json\" class=\"yoast-schema-graph\">{\"@context\":\"https:\/\/schema.org\",\"@graph\":[{\"@type\":\"WebPage\",\"@id\":\"https:\/\/www.krullys.de\/?page_id=793\",\"url\":\"https:\/\/www.krullys.de\/?page_id=793\",\"name\":\"Betreuung - Kindergruppe Krullys\",\"isPartOf\":{\"@id\":\"https:\/\/www.krullys.de\/#website\"},\"primaryImageOfPage\":{\"@id\":\"https:\/\/www.krullys.de\/?page_id=793#primaryimage\"},\"image\":{\"@id\":\"https:\/\/www.krullys.de\/?page_id=793#primaryimage\"},\"thumbnailUrl\":\"https:\/\/www.krullys.de\/wp-content\/uploads\/7F939FD0-585D-471F-B76B-18B51D430F61.jpeg\",\"datePublished\":\"2019-03-19T20:54:56+00:00\",\"dateModified\":\"2024-10-25T10:33:43+00:00\",\"breadcrumb\":{\"@id\":\"https:\/\/www.krullys.de\/?page_id=793#breadcrumb\"},\"inLanguage\":\"de\",\"potentialAction\":[{\"@type\":\"ReadAction\",\"target\":[\"https:\/\/www.krullys.de\/?page_id=793\"]}]},{\"@type\":\"ImageObject\",\"inLanguage\":\"de\",\"@id\":\"https:\/\/www.krullys.de\/?page_id=793#primaryimage\",\"url\":\"https:\/\/www.krullys.de\/wp-content\/uploads\/7F939FD0-585D-471F-B76B-18B51D430F61.jpeg\",\"contentUrl\":\"https:\/\/www.krullys.de\/wp-content\/uploads\/7F939FD0-585D-471F-B76B-18B51D430F61.jpeg\",\"width\":1280,\"height\":960},{\"@type\":\"BreadcrumbList\",\"@id\":\"https:\/\/www.krullys.de\/?page_id=793#breadcrumb\",\"itemListElement\":[{\"@type\":\"ListItem\",\"position\":1,\"name\":\"Startseite\",\"item\":\"https:\/\/www.krullys.de\/\"},{\"@type\":\"ListItem\",\"position\":2,\"name\":\"Betreuung\"}]},{\"@type\":\"WebSite\",\"@id\":\"https:\/\/www.krullys.de\/#website\",\"url\":\"https:\/\/www.krullys.de\/\",\"name\":\"Kindergruppe Krullys\",\"description\":\"\",\"publisher\":{\"@id\":\"https:\/\/www.krullys.de\/#organization\"},\"potentialAction\":[{\"@type\":\"SearchAction\",\"target\":{\"@type\":\"EntryPoint\",\"urlTemplate\":\"https:\/\/www.krullys.de\/?s={search_term_string}\"},\"query-input\":{\"@type\":\"PropertyValueSpecification\",\"valueRequired\":true,\"valueName\":\"search_term_string\"}}],\"inLanguage\":\"de\"},{\"@type\":\"Organization\",\"@id\":\"https:\/\/www.krullys.de\/#organization\",\"name\":\"Kindergruppe Krullys\",\"url\":\"https:\/\/www.krullys.de\/\",\"logo\":{\"@type\":\"ImageObject\",\"inLanguage\":\"de\",\"@id\":\"https:\/\/www.krullys.de\/#\/schema\/logo\/image\/\",\"url\":\"https:\/\/www.krullys.de\/wp-content\/uploads\/cropped-287841C2-0086-47CA-99E4-F86CC1AE6E5D.png\",\"contentUrl\":\"https:\/\/www.krullys.de\/wp-content\/uploads\/cropped-287841C2-0086-47CA-99E4-F86CC1AE6E5D.png\",\"width\":552,\"height\":614,\"caption\":\"Kindergruppe Krullys\"},\"image\":{\"@id\":\"https:\/\/www.krullys.de\/#\/schema\/logo\/image\/\"}}]}<\/script>\n<!-- \/ Yoast SEO plugin. -->","yoast_head_json":{"title":"Betreuung - Kindergruppe Krullys","robots":{"index":"index","follow":"follow","max-snippet":"max-snippet:-1","max-image-preview":"max-image-preview:large","max-video-preview":"max-video-preview:-1"},"canonical":"https:\/\/www.krullys.de\/?page_id=793","og_locale":"de_DE","og_type":"article","og_title":"Betreuung - Kindergruppe Krullys","og_description":"Die wichtigsten Fakten f\u00fcr die Dracheneltern zuerst. Morgens bringt mich Papa um 07:30 Uhr in die Kita. Ich freue mich schon auf meine Freunde. Schnell ziehe ich meine Hausschuhe an und Papa tr\u00e4gt meine Abholzeit ein. Nun wird er zur T\u00fcr rausgeschubst und mein Tag startet.&nbsp; Mein Start in den Krully-Tag hat begonnen Unsere \u00d6ffnungszeiten...","og_url":"https:\/\/www.krullys.de\/?page_id=793","og_site_name":"Kindergruppe Krullys","article_modified_time":"2024-10-25T10:33:43+00:00","og_image":[{"width":1280,"height":960,"url":"https:\/\/www.krullys.de\/wp-content\/uploads\/7F939FD0-585D-471F-B76B-18B51D430F61.jpeg","type":"image\/jpeg"}],"twitter_card":"summary_large_image","twitter_misc":{"Gesch\u00e4tzte Lesezeit":"3\u00a0Minuten"},"schema":{"@context":"https:\/\/schema.org","@graph":[{"@type":"WebPage","@id":"https:\/\/www.krullys.de\/?page_id=793","url":"https:\/\/www.krullys.de\/?page_id=793","name":"Betreuung - Kindergruppe Krullys","isPartOf":{"@id":"https:\/\/www.krullys.de\/#website"},"primaryImageOfPage":{"@id":"https:\/\/www.krullys.de\/?page_id=793#primaryimage"},"image":{"@id":"https:\/\/www.krullys.de\/?page_id=793#primaryimage"},"thumbnailUrl":"https:\/\/www.krullys.de\/wp-content\/uploads\/7F939FD0-585D-471F-B76B-18B51D430F61.jpeg","datePublished":"2019-03-19T20:54:56+00:00","dateModified":"2024-10-25T10:33:43+00:00","breadcrumb":{"@id":"https:\/\/www.krullys.de\/?page_id=793#breadcrumb"},"inLanguage":"de","potentialAction":[{"@type":"ReadAction","target":["https:\/\/www.krullys.de\/?page_id=793"]}]},{"@type":"ImageObject","inLanguage":"de","@id":"https:\/\/www.krullys.de\/?page_id=793#primaryimage","url":"https:\/\/www.krullys.de\/wp-content\/uploads\/7F939FD0-585D-471F-B76B-18B51D430F61.jpeg","contentUrl":"https:\/\/www.krullys.de\/wp-content\/uploads\/7F939FD0-585D-471F-B76B-18B51D430F61.jpeg","width":1280,"height":960},{"@type":"BreadcrumbList","@id":"https:\/\/www.krullys.de\/?page_id=793#breadcrumb","itemListElement":[{"@type":"ListItem","position":1,"name":"Startseite","item":"https:\/\/www.krullys.de\/"},{"@type":"ListItem","position":2,"name":"Betreuung"}]},{"@type":"WebSite","@id":"https:\/\/www.krullys.de\/#website","url":"https:\/\/www.krullys.de\/","name":"Kindergruppe Krullys","description":"","publisher":{"@id":"https:\/\/www.krullys.de\/#organization"},"potentialAction":[{"@type":"SearchAction","target":{"@type":"EntryPoint","urlTemplate":"https:\/\/www.krullys.de\/?s={search_term_string}"},"query-input":{"@type":"PropertyValueSpecification","valueRequired":true,"valueName":"search_term_string"}}],"inLanguage":"de"},{"@type":"Organization","@id":"https:\/\/www.krullys.de\/#organization","name":"Kindergruppe Krullys","url":"https:\/\/www.krullys.de\/","logo":{"@type":"ImageObject","inLanguage":"de","@id":"https:\/\/www.krullys.de\/#\/schema\/logo\/image\/","url":"https:\/\/www.krullys.de\/wp-content\/uploads\/cropped-287841C2-0086-47CA-99E4-F86CC1AE6E5D.png","contentUrl":"https:\/\/www.krullys.de\/wp-content\/uploads\/cropped-287841C2-0086-47CA-99E4-F86CC1AE6E5D.png","width":552,"height":614,"caption":"Kindergruppe Krullys"},"image":{"@id":"https:\/\/www.krullys.de\/#\/schema\/logo\/image\/"}}]}},"_links":{"self":[{"href":"https:\/\/www.krullys.de\/index.php?rest_route=\/wp\/v2\/pages\/793","targetHints":{"allow":["GET"]}}],"collection":[{"href":"https:\/\/www.krullys.de\/index.php?rest_route=\/wp\/v2\/pages"}],"about":[{"href":"https:\/\/www.krullys.de\/index.php?rest_route=\/wp\/v2\/types\/page"}],"author":[{"embeddable":true,"href":"https:\/\/www.krullys.de\/index.php?rest_route=\/wp\/v2\/users\/9"}],"replies":[{"embeddable":true,"href":"https:\/\/www.krullys.de\/index.php?rest_route=%2Fwp%2Fv2%2Fcomments&post=793"}],"version-history":[{"count":22,"href":"https:\/\/www.krullys.de\/index.php?rest_route=\/wp\/v2\/pages\/793\/revisions"}],"predecessor-version":[{"id":2042,"href":"https:\/\/www.krullys.de\/index.php?rest_route=\/wp\/v2\/pages\/793\/revisions\/2042"}],"wp:featuredmedia":[{"embeddable":true,"href":"https:\/\/www.krullys.de\/index.php?rest_route=\/wp\/v2\/media\/1629"}],"wp:attachment":[{"href":"https:\/\/www.krullys.de\/index.php?rest_route=%2Fwp%2Fv2%2Fmedia&parent=793"}],"curies":[{"name":"wp","href":"https:\/\/api.w.org\/{rel}","templated":true}]}}