{"id":1381,"date":"2019-07-15T21:09:11","date_gmt":"2019-07-15T19:09:11","guid":{"rendered":"https:\/\/www.krullys.de\/?page_id=1381"},"modified":"2024-10-25T13:07:43","modified_gmt":"2024-10-25T11:07:43","slug":"garten","status":"publish","type":"page","link":"https:\/\/www.krullys.de\/?page_id=1381","title":{"rendered":"Drachengarten"},"content":{"rendered":"<div class=\"wp-block-image\">\n<figure class=\"alignright\"><img loading=\"lazy\" decoding=\"async\" width=\"300\" height=\"225\" src=\"https:\/\/www.krullys.de\/wp-content\/uploads\/4A9CF271-6872-4DE0-9B0B-9C93FF9F40EE-300x225.jpeg\" alt=\"\" class=\"wp-image-1634\" srcset=\"https:\/\/www.krullys.de\/wp-content\/uploads\/4A9CF271-6872-4DE0-9B0B-9C93FF9F40EE-300x225.jpeg 300w, https:\/\/www.krullys.de\/wp-content\/uploads\/4A9CF271-6872-4DE0-9B0B-9C93FF9F40EE-768x577.jpeg 768w, https:\/\/www.krullys.de\/wp-content\/uploads\/4A9CF271-6872-4DE0-9B0B-9C93FF9F40EE-1024x769.jpeg 1024w, https:\/\/www.krullys.de\/wp-content\/uploads\/4A9CF271-6872-4DE0-9B0B-9C93FF9F40EE.jpeg 1280w\" sizes=\"auto, (max-width: 300px) 100vw, 300px\" \/><\/figure>\n<\/div>\n\n\n<p>Willkommen in unseren verwunschenen Drachengarten. Hier gibt es zwei Sandkastenfl\u00e4chen, ein Kletterburg aus Holz mit Rutsche, einen gro\u00dfen Weideh\u00fcgel, unsere selbstgebaute Bobby Car-Rennstrecke, ein Piratenschiff, die gro\u00dfe Nestschaukel, mehrere Spielh\u00e4user, eine gro\u00dfe Terrasse mit Werkpl\u00e4tzen uvm.<\/p>\n\n\n\n<h3 class=\"wp-block-heading\">Der Abenteuergarten<\/h3>\n\n\n\n<p>Durch viele B\u00e4ume und B\u00fcsche ist ausreichend Raum zum Verstecken\/Fangen spielen und sich zu entfalten und das beste unsere empflindliche Drachenhaut wird gesch\u00fctzt! Aber macht Euch einfach selber einen Eindruck in unserer Gartengallerie.<\/p>\n\n\n\n<figure class=\"wp-block-gallery aligncenter has-nested-images columns-3 is-cropped wp-block-gallery-1 is-layout-flex wp-block-gallery-is-layout-flex\">\n<figure class=\"wp-block-image\"><img loading=\"lazy\" decoding=\"async\" width=\"1024\" height=\"768\" data-id=\"1647\" src=\"https:\/\/www.krullys.de\/wp-content\/uploads\/3E5DA786-6D0A-43F6-AA89-31BF8A6FBA63-1024x768.jpeg\" alt=\"\" class=\"wp-image-1647\" srcset=\"https:\/\/www.krullys.de\/wp-content\/uploads\/3E5DA786-6D0A-43F6-AA89-31BF8A6FBA63-1024x768.jpeg 1024w, https:\/\/www.krullys.de\/wp-content\/uploads\/3E5DA786-6D0A-43F6-AA89-31BF8A6FBA63-300x225.jpeg 300w, https:\/\/www.krullys.de\/wp-content\/uploads\/3E5DA786-6D0A-43F6-AA89-31BF8A6FBA63-768x576.jpeg 768w, https:\/\/www.krullys.de\/wp-content\/uploads\/3E5DA786-6D0A-43F6-AA89-31BF8A6FBA63.jpeg 1280w\" sizes=\"auto, (max-width: 1024px) 100vw, 1024px\" \/><\/figure>\n\n\n\n<figure class=\"wp-block-image\"><img loading=\"lazy\" decoding=\"async\" width=\"1024\" height=\"768\" data-id=\"1627\" src=\"https:\/\/www.krullys.de\/wp-content\/uploads\/66A68A03-37E6-4A6C-92F1-BF545C8C84C9-1024x768.jpeg\" alt=\"\" class=\"wp-image-1627\" srcset=\"https:\/\/www.krullys.de\/wp-content\/uploads\/66A68A03-37E6-4A6C-92F1-BF545C8C84C9-1024x768.jpeg 1024w, https:\/\/www.krullys.de\/wp-content\/uploads\/66A68A03-37E6-4A6C-92F1-BF545C8C84C9-300x225.jpeg 300w, https:\/\/www.krullys.de\/wp-content\/uploads\/66A68A03-37E6-4A6C-92F1-BF545C8C84C9-768x576.jpeg 768w, https:\/\/www.krullys.de\/wp-content\/uploads\/66A68A03-37E6-4A6C-92F1-BF545C8C84C9.jpeg 1280w\" sizes=\"auto, (max-width: 1024px) 100vw, 1024px\" \/><\/figure>\n\n\n\n<figure class=\"wp-block-image\"><img loading=\"lazy\" decoding=\"async\" width=\"1024\" height=\"768\" data-id=\"1620\" src=\"https:\/\/www.krullys.de\/wp-content\/uploads\/363DD18A-99E3-4DBE-A905-33CD481BBE66-1024x768.jpeg\" alt=\"\" class=\"wp-image-1620\" srcset=\"https:\/\/www.krullys.de\/wp-content\/uploads\/363DD18A-99E3-4DBE-A905-33CD481BBE66-1024x768.jpeg 1024w, https:\/\/www.krullys.de\/wp-content\/uploads\/363DD18A-99E3-4DBE-A905-33CD481BBE66-300x225.jpeg 300w, https:\/\/www.krullys.de\/wp-content\/uploads\/363DD18A-99E3-4DBE-A905-33CD481BBE66-768x576.jpeg 768w, https:\/\/www.krullys.de\/wp-content\/uploads\/363DD18A-99E3-4DBE-A905-33CD481BBE66.jpeg 1280w\" sizes=\"auto, (max-width: 1024px) 100vw, 1024px\" \/><\/figure>\n\n\n\n<figure class=\"wp-block-image\"><img loading=\"lazy\" decoding=\"async\" width=\"1000\" height=\"750\" data-id=\"1661\" src=\"https:\/\/www.krullys.de\/wp-content\/uploads\/cropped-18EAAD41-8689-4D7C-A725-8C75D88CE2ED.jpeg\" alt=\"\" class=\"wp-image-1661\" srcset=\"https:\/\/www.krullys.de\/wp-content\/uploads\/cropped-18EAAD41-8689-4D7C-A725-8C75D88CE2ED.jpeg 1000w, https:\/\/www.krullys.de\/wp-content\/uploads\/cropped-18EAAD41-8689-4D7C-A725-8C75D88CE2ED-300x225.jpeg 300w, https:\/\/www.krullys.de\/wp-content\/uploads\/cropped-18EAAD41-8689-4D7C-A725-8C75D88CE2ED-768x576.jpeg 768w\" sizes=\"auto, (max-width: 1000px) 100vw, 1000px\" \/><\/figure>\n\n\n\n<figure class=\"wp-block-image\"><img loading=\"lazy\" decoding=\"async\" width=\"1024\" height=\"768\" data-id=\"1622\" src=\"https:\/\/www.krullys.de\/wp-content\/uploads\/2CC5406E-C8DE-499A-A0D8-F774CEE560B3-1024x768.jpeg\" alt=\"\" class=\"wp-image-1622\" srcset=\"https:\/\/www.krullys.de\/wp-content\/uploads\/2CC5406E-C8DE-499A-A0D8-F774CEE560B3-1024x768.jpeg 1024w, https:\/\/www.krullys.de\/wp-content\/uploads\/2CC5406E-C8DE-499A-A0D8-F774CEE560B3-300x225.jpeg 300w, https:\/\/www.krullys.de\/wp-content\/uploads\/2CC5406E-C8DE-499A-A0D8-F774CEE560B3-768x576.jpeg 768w, https:\/\/www.krullys.de\/wp-content\/uploads\/2CC5406E-C8DE-499A-A0D8-F774CEE560B3.jpeg 1280w\" sizes=\"auto, (max-width: 1024px) 100vw, 1024px\" \/><\/figure>\n\n\n\n<figure class=\"wp-block-image\"><img loading=\"lazy\" decoding=\"async\" width=\"1024\" height=\"768\" data-id=\"1616\" src=\"https:\/\/www.krullys.de\/wp-content\/uploads\/D4C7C30F-9DD0-4E0F-A91C-C649E48FD2DC-1024x768.jpeg\" alt=\"\" class=\"wp-image-1616\" srcset=\"https:\/\/www.krullys.de\/wp-content\/uploads\/D4C7C30F-9DD0-4E0F-A91C-C649E48FD2DC-1024x768.jpeg 1024w, https:\/\/www.krullys.de\/wp-content\/uploads\/D4C7C30F-9DD0-4E0F-A91C-C649E48FD2DC-300x225.jpeg 300w, https:\/\/www.krullys.de\/wp-content\/uploads\/D4C7C30F-9DD0-4E0F-A91C-C649E48FD2DC-768x576.jpeg 768w, https:\/\/www.krullys.de\/wp-content\/uploads\/D4C7C30F-9DD0-4E0F-A91C-C649E48FD2DC.jpeg 1280w\" sizes=\"auto, (max-width: 1024px) 100vw, 1024px\" \/><\/figure>\n\n\n\n<figure class=\"wp-block-image\"><img loading=\"lazy\" decoding=\"async\" width=\"1024\" height=\"768\" data-id=\"1625\" src=\"https:\/\/www.krullys.de\/wp-content\/uploads\/3976D402-DF65-480A-8FA9-192FF7A6BE3C-1024x768.jpeg\" alt=\"\" class=\"wp-image-1625\" srcset=\"https:\/\/www.krullys.de\/wp-content\/uploads\/3976D402-DF65-480A-8FA9-192FF7A6BE3C-1024x768.jpeg 1024w, https:\/\/www.krullys.de\/wp-content\/uploads\/3976D402-DF65-480A-8FA9-192FF7A6BE3C-300x225.jpeg 300w, https:\/\/www.krullys.de\/wp-content\/uploads\/3976D402-DF65-480A-8FA9-192FF7A6BE3C-768x576.jpeg 768w, https:\/\/www.krullys.de\/wp-content\/uploads\/3976D402-DF65-480A-8FA9-192FF7A6BE3C.jpeg 1280w\" sizes=\"auto, (max-width: 1024px) 100vw, 1024px\" \/><\/figure>\n\n\n\n<figure class=\"wp-block-image\"><img loading=\"lazy\" decoding=\"async\" width=\"1024\" height=\"768\" data-id=\"1617\" src=\"https:\/\/www.krullys.de\/wp-content\/uploads\/80FC9E75-2CC7-4C16-B08C-CFAA78111A3A-1024x768.jpeg\" alt=\"\" class=\"wp-image-1617\" srcset=\"https:\/\/www.krullys.de\/wp-content\/uploads\/80FC9E75-2CC7-4C16-B08C-CFAA78111A3A-1024x768.jpeg 1024w, https:\/\/www.krullys.de\/wp-content\/uploads\/80FC9E75-2CC7-4C16-B08C-CFAA78111A3A-300x225.jpeg 300w, https:\/\/www.krullys.de\/wp-content\/uploads\/80FC9E75-2CC7-4C16-B08C-CFAA78111A3A-768x576.jpeg 768w, https:\/\/www.krullys.de\/wp-content\/uploads\/80FC9E75-2CC7-4C16-B08C-CFAA78111A3A.jpeg 1280w\" sizes=\"auto, (max-width: 1024px) 100vw, 1024px\" \/><\/figure>\n\n\n\n<figure class=\"wp-block-image\"><img loading=\"lazy\" decoding=\"async\" width=\"1024\" height=\"768\" data-id=\"1612\" src=\"https:\/\/www.krullys.de\/wp-content\/uploads\/E21E736F-1C2E-422A-B56A-244A73463724-1024x768.jpeg\" alt=\"\" class=\"wp-image-1612\" srcset=\"https:\/\/www.krullys.de\/wp-content\/uploads\/E21E736F-1C2E-422A-B56A-244A73463724-1024x768.jpeg 1024w, https:\/\/www.krullys.de\/wp-content\/uploads\/E21E736F-1C2E-422A-B56A-244A73463724-300x225.jpeg 300w, https:\/\/www.krullys.de\/wp-content\/uploads\/E21E736F-1C2E-422A-B56A-244A73463724-768x576.jpeg 768w, https:\/\/www.krullys.de\/wp-content\/uploads\/E21E736F-1C2E-422A-B56A-244A73463724.jpeg 1280w\" sizes=\"auto, (max-width: 1024px) 100vw, 1024px\" \/><\/figure>\n\n\n\n<figure class=\"wp-block-image\"><img loading=\"lazy\" decoding=\"async\" width=\"1024\" height=\"768\" data-id=\"1629\" src=\"https:\/\/www.krullys.de\/wp-content\/uploads\/7F939FD0-585D-471F-B76B-18B51D430F61-1024x768.jpeg\" alt=\"\" class=\"wp-image-1629\" srcset=\"https:\/\/www.krullys.de\/wp-content\/uploads\/7F939FD0-585D-471F-B76B-18B51D430F61-1024x768.jpeg 1024w, https:\/\/www.krullys.de\/wp-content\/uploads\/7F939FD0-585D-471F-B76B-18B51D430F61-300x225.jpeg 300w, https:\/\/www.krullys.de\/wp-content\/uploads\/7F939FD0-585D-471F-B76B-18B51D430F61-768x576.jpeg 768w, https:\/\/www.krullys.de\/wp-content\/uploads\/7F939FD0-585D-471F-B76B-18B51D430F61.jpeg 1280w\" sizes=\"auto, (max-width: 1024px) 100vw, 1024px\" \/><\/figure>\n<\/figure>\n\n\n\n<h3 class=\"wp-block-heading\">Der Feengarten<\/h3>\n\n\n\n<figure class=\"wp-block-gallery has-nested-images columns-3 is-cropped wp-block-gallery-2 is-layout-flex wp-block-gallery-is-layout-flex\">\n<figure class=\"wp-block-image\"><img loading=\"lazy\" decoding=\"async\" width=\"1000\" height=\"711\" data-id=\"1540\" src=\"https:\/\/www.krullys.de\/wp-content\/uploads\/cropped-pic163.jpg\" alt=\"\" class=\"wp-image-1540\" srcset=\"https:\/\/www.krullys.de\/wp-content\/uploads\/cropped-pic163.jpg 1000w, https:\/\/www.krullys.de\/wp-content\/uploads\/cropped-pic163-300x213.jpg 300w, https:\/\/www.krullys.de\/wp-content\/uploads\/cropped-pic163-768x546.jpg 768w\" sizes=\"auto, (max-width: 1000px) 100vw, 1000px\" \/><\/figure>\n\n\n\n<figure class=\"wp-block-image\"><img loading=\"lazy\" decoding=\"async\" width=\"1000\" height=\"750\" data-id=\"1649\" src=\"https:\/\/www.krullys.de\/wp-content\/uploads\/cropped-1BAC0484-C6C7-454A-B9FD-BCD3C2B89E96.jpeg\" alt=\"\" class=\"wp-image-1649\" srcset=\"https:\/\/www.krullys.de\/wp-content\/uploads\/cropped-1BAC0484-C6C7-454A-B9FD-BCD3C2B89E96.jpeg 1000w, https:\/\/www.krullys.de\/wp-content\/uploads\/cropped-1BAC0484-C6C7-454A-B9FD-BCD3C2B89E96-300x225.jpeg 300w, https:\/\/www.krullys.de\/wp-content\/uploads\/cropped-1BAC0484-C6C7-454A-B9FD-BCD3C2B89E96-768x576.jpeg 768w\" sizes=\"auto, (max-width: 1000px) 100vw, 1000px\" \/><\/figure>\n\n\n\n<figure class=\"wp-block-image\"><img loading=\"lazy\" decoding=\"async\" width=\"1000\" height=\"496\" data-id=\"1538\" src=\"https:\/\/www.krullys.de\/wp-content\/uploads\/cropped-pic165.jpg\" alt=\"\" class=\"wp-image-1538\" srcset=\"https:\/\/www.krullys.de\/wp-content\/uploads\/cropped-pic165.jpg 1000w, https:\/\/www.krullys.de\/wp-content\/uploads\/cropped-pic165-300x149.jpg 300w, https:\/\/www.krullys.de\/wp-content\/uploads\/cropped-pic165-768x381.jpg 768w\" sizes=\"auto, (max-width: 1000px) 100vw, 1000px\" \/><\/figure>\n<\/figure>\n","protected":false},"excerpt":{"rendered":"<p>Willkommen in unseren verwunschenen Drachengarten. Hier gibt es zwei Sandkastenfl\u00e4chen, ein Kletterburg aus Holz mit Rutsche, einen gro\u00dfen Weideh\u00fcgel, unsere selbstgebaute Bobby Car-Rennstrecke, ein Piratenschiff, die gro\u00dfe Nestschaukel, mehrere Spielh\u00e4user, eine gro\u00dfe Terrasse mit Werkpl\u00e4tzen uvm. Der Abenteuergarten Durch viele B\u00e4ume und B\u00fcsche ist ausreichend Raum zum Verstecken\/Fangen spielen und sich zu entfalten und das&#8230;<\/p>\n","protected":false},"author":9,"featured_media":1622,"parent":0,"menu_order":0,"comment_status":"closed","ping_status":"closed","template":"","meta":{"footnotes":""},"class_list":["post-1381","page","type-page","status-publish","has-post-thumbnail","hentry"],"yoast_head":"<!-- This site is optimized with the Yoast SEO plugin v27.2 - https:\/\/yoast.com\/product\/yoast-seo-wordpress\/ -->\n<title>Drachengarten - Kindergruppe Krullys<\/title>\n<meta name=\"robots\" content=\"index, follow, max-snippet:-1, max-image-preview:large, max-video-preview:-1\" \/>\n<link rel=\"canonical\" href=\"https:\/\/www.krullys.de\/?page_id=1381\" \/>\n<meta property=\"og:locale\" content=\"de_DE\" \/>\n<meta property=\"og:type\" content=\"article\" \/>\n<meta property=\"og:title\" content=\"Drachengarten - Kindergruppe Krullys\" \/>\n<meta property=\"og:description\" content=\"Willkommen in unseren verwunschenen Drachengarten. Hier gibt es zwei Sandkastenfl\u00e4chen, ein Kletterburg aus Holz mit Rutsche, einen gro\u00dfen Weideh\u00fcgel, unsere selbstgebaute Bobby Car-Rennstrecke, ein Piratenschiff, die gro\u00dfe Nestschaukel, mehrere Spielh\u00e4user, eine gro\u00dfe Terrasse mit Werkpl\u00e4tzen uvm. Der Abenteuergarten Durch viele B\u00e4ume und B\u00fcsche ist ausreichend Raum zum Verstecken\/Fangen spielen und sich zu entfalten und das...\" \/>\n<meta property=\"og:url\" content=\"https:\/\/www.krullys.de\/?page_id=1381\" \/>\n<meta property=\"og:site_name\" content=\"Kindergruppe Krullys\" \/>\n<meta property=\"article:modified_time\" content=\"2024-10-25T11:07:43+00:00\" \/>\n<meta property=\"og:image\" content=\"https:\/\/www.krullys.de\/wp-content\/uploads\/2CC5406E-C8DE-499A-A0D8-F774CEE560B3.jpeg\" \/>\n\t<meta property=\"og:image:width\" content=\"1280\" \/>\n\t<meta property=\"og:image:height\" content=\"960\" \/>\n\t<meta property=\"og:image:type\" content=\"image\/jpeg\" \/>\n<meta name=\"twitter:card\" content=\"summary_large_image\" \/>\n<meta name=\"twitter:label1\" content=\"Gesch\u00e4tzte Lesezeit\" \/>\n\t<meta name=\"twitter:data1\" content=\"4\u00a0Minuten\" \/>\n<script type=\"application\/ld+json\" class=\"yoast-schema-graph\">{\"@context\":\"https:\/\/schema.org\",\"@graph\":[{\"@type\":\"WebPage\",\"@id\":\"https:\/\/www.krullys.de\/?page_id=1381\",\"url\":\"https:\/\/www.krullys.de\/?page_id=1381\",\"name\":\"Drachengarten - Kindergruppe Krullys\",\"isPartOf\":{\"@id\":\"https:\/\/www.krullys.de\/#website\"},\"primaryImageOfPage\":{\"@id\":\"https:\/\/www.krullys.de\/?page_id=1381#primaryimage\"},\"image\":{\"@id\":\"https:\/\/www.krullys.de\/?page_id=1381#primaryimage\"},\"thumbnailUrl\":\"https:\/\/www.krullys.de\/wp-content\/uploads\/2CC5406E-C8DE-499A-A0D8-F774CEE560B3.jpeg\",\"datePublished\":\"2019-07-15T19:09:11+00:00\",\"dateModified\":\"2024-10-25T11:07:43+00:00\",\"breadcrumb\":{\"@id\":\"https:\/\/www.krullys.de\/?page_id=1381#breadcrumb\"},\"inLanguage\":\"de\",\"potentialAction\":[{\"@type\":\"ReadAction\",\"target\":[\"https:\/\/www.krullys.de\/?page_id=1381\"]}]},{\"@type\":\"ImageObject\",\"inLanguage\":\"de\",\"@id\":\"https:\/\/www.krullys.de\/?page_id=1381#primaryimage\",\"url\":\"https:\/\/www.krullys.de\/wp-content\/uploads\/2CC5406E-C8DE-499A-A0D8-F774CEE560B3.jpeg\",\"contentUrl\":\"https:\/\/www.krullys.de\/wp-content\/uploads\/2CC5406E-C8DE-499A-A0D8-F774CEE560B3.jpeg\",\"width\":1280,\"height\":960},{\"@type\":\"BreadcrumbList\",\"@id\":\"https:\/\/www.krullys.de\/?page_id=1381#breadcrumb\",\"itemListElement\":[{\"@type\":\"ListItem\",\"position\":1,\"name\":\"Startseite\",\"item\":\"https:\/\/www.krullys.de\/\"},{\"@type\":\"ListItem\",\"position\":2,\"name\":\"Drachengarten\"}]},{\"@type\":\"WebSite\",\"@id\":\"https:\/\/www.krullys.de\/#website\",\"url\":\"https:\/\/www.krullys.de\/\",\"name\":\"Kindergruppe Krullys\",\"description\":\"\",\"publisher\":{\"@id\":\"https:\/\/www.krullys.de\/#organization\"},\"potentialAction\":[{\"@type\":\"SearchAction\",\"target\":{\"@type\":\"EntryPoint\",\"urlTemplate\":\"https:\/\/www.krullys.de\/?s={search_term_string}\"},\"query-input\":{\"@type\":\"PropertyValueSpecification\",\"valueRequired\":true,\"valueName\":\"search_term_string\"}}],\"inLanguage\":\"de\"},{\"@type\":\"Organization\",\"@id\":\"https:\/\/www.krullys.de\/#organization\",\"name\":\"Kindergruppe Krullys\",\"url\":\"https:\/\/www.krullys.de\/\",\"logo\":{\"@type\":\"ImageObject\",\"inLanguage\":\"de\",\"@id\":\"https:\/\/www.krullys.de\/#\/schema\/logo\/image\/\",\"url\":\"https:\/\/www.krullys.de\/wp-content\/uploads\/cropped-287841C2-0086-47CA-99E4-F86CC1AE6E5D.png\",\"contentUrl\":\"https:\/\/www.krullys.de\/wp-content\/uploads\/cropped-287841C2-0086-47CA-99E4-F86CC1AE6E5D.png\",\"width\":552,\"height\":614,\"caption\":\"Kindergruppe Krullys\"},\"image\":{\"@id\":\"https:\/\/www.krullys.de\/#\/schema\/logo\/image\/\"}}]}<\/script>\n<!-- \/ Yoast SEO plugin. -->","yoast_head_json":{"title":"Drachengarten - Kindergruppe Krullys","robots":{"index":"index","follow":"follow","max-snippet":"max-snippet:-1","max-image-preview":"max-image-preview:large","max-video-preview":"max-video-preview:-1"},"canonical":"https:\/\/www.krullys.de\/?page_id=1381","og_locale":"de_DE","og_type":"article","og_title":"Drachengarten - Kindergruppe Krullys","og_description":"Willkommen in unseren verwunschenen Drachengarten. Hier gibt es zwei Sandkastenfl\u00e4chen, ein Kletterburg aus Holz mit Rutsche, einen gro\u00dfen Weideh\u00fcgel, unsere selbstgebaute Bobby Car-Rennstrecke, ein Piratenschiff, die gro\u00dfe Nestschaukel, mehrere Spielh\u00e4user, eine gro\u00dfe Terrasse mit Werkpl\u00e4tzen uvm. Der Abenteuergarten Durch viele B\u00e4ume und B\u00fcsche ist ausreichend Raum zum Verstecken\/Fangen spielen und sich zu entfalten und das...","og_url":"https:\/\/www.krullys.de\/?page_id=1381","og_site_name":"Kindergruppe Krullys","article_modified_time":"2024-10-25T11:07:43+00:00","og_image":[{"width":1280,"height":960,"url":"https:\/\/www.krullys.de\/wp-content\/uploads\/2CC5406E-C8DE-499A-A0D8-F774CEE560B3.jpeg","type":"image\/jpeg"}],"twitter_card":"summary_large_image","twitter_misc":{"Gesch\u00e4tzte Lesezeit":"4\u00a0Minuten"},"schema":{"@context":"https:\/\/schema.org","@graph":[{"@type":"WebPage","@id":"https:\/\/www.krullys.de\/?page_id=1381","url":"https:\/\/www.krullys.de\/?page_id=1381","name":"Drachengarten - Kindergruppe Krullys","isPartOf":{"@id":"https:\/\/www.krullys.de\/#website"},"primaryImageOfPage":{"@id":"https:\/\/www.krullys.de\/?page_id=1381#primaryimage"},"image":{"@id":"https:\/\/www.krullys.de\/?page_id=1381#primaryimage"},"thumbnailUrl":"https:\/\/www.krullys.de\/wp-content\/uploads\/2CC5406E-C8DE-499A-A0D8-F774CEE560B3.jpeg","datePublished":"2019-07-15T19:09:11+00:00","dateModified":"2024-10-25T11:07:43+00:00","breadcrumb":{"@id":"https:\/\/www.krullys.de\/?page_id=1381#breadcrumb"},"inLanguage":"de","potentialAction":[{"@type":"ReadAction","target":["https:\/\/www.krullys.de\/?page_id=1381"]}]},{"@type":"ImageObject","inLanguage":"de","@id":"https:\/\/www.krullys.de\/?page_id=1381#primaryimage","url":"https:\/\/www.krullys.de\/wp-content\/uploads\/2CC5406E-C8DE-499A-A0D8-F774CEE560B3.jpeg","contentUrl":"https:\/\/www.krullys.de\/wp-content\/uploads\/2CC5406E-C8DE-499A-A0D8-F774CEE560B3.jpeg","width":1280,"height":960},{"@type":"BreadcrumbList","@id":"https:\/\/www.krullys.de\/?page_id=1381#breadcrumb","itemListElement":[{"@type":"ListItem","position":1,"name":"Startseite","item":"https:\/\/www.krullys.de\/"},{"@type":"ListItem","position":2,"name":"Drachengarten"}]},{"@type":"WebSite","@id":"https:\/\/www.krullys.de\/#website","url":"https:\/\/www.krullys.de\/","name":"Kindergruppe Krullys","description":"","publisher":{"@id":"https:\/\/www.krullys.de\/#organization"},"potentialAction":[{"@type":"SearchAction","target":{"@type":"EntryPoint","urlTemplate":"https:\/\/www.krullys.de\/?s={search_term_string}"},"query-input":{"@type":"PropertyValueSpecification","valueRequired":true,"valueName":"search_term_string"}}],"inLanguage":"de"},{"@type":"Organization","@id":"https:\/\/www.krullys.de\/#organization","name":"Kindergruppe Krullys","url":"https:\/\/www.krullys.de\/","logo":{"@type":"ImageObject","inLanguage":"de","@id":"https:\/\/www.krullys.de\/#\/schema\/logo\/image\/","url":"https:\/\/www.krullys.de\/wp-content\/uploads\/cropped-287841C2-0086-47CA-99E4-F86CC1AE6E5D.png","contentUrl":"https:\/\/www.krullys.de\/wp-content\/uploads\/cropped-287841C2-0086-47CA-99E4-F86CC1AE6E5D.png","width":552,"height":614,"caption":"Kindergruppe Krullys"},"image":{"@id":"https:\/\/www.krullys.de\/#\/schema\/logo\/image\/"}}]}},"_links":{"self":[{"href":"https:\/\/www.krullys.de\/index.php?rest_route=\/wp\/v2\/pages\/1381","targetHints":{"allow":["GET"]}}],"collection":[{"href":"https:\/\/www.krullys.de\/index.php?rest_route=\/wp\/v2\/pages"}],"about":[{"href":"https:\/\/www.krullys.de\/index.php?rest_route=\/wp\/v2\/types\/page"}],"author":[{"embeddable":true,"href":"https:\/\/www.krullys.de\/index.php?rest_route=\/wp\/v2\/users\/9"}],"replies":[{"embeddable":true,"href":"https:\/\/www.krullys.de\/index.php?rest_route=%2Fwp%2Fv2%2Fcomments&post=1381"}],"version-history":[{"count":30,"href":"https:\/\/www.krullys.de\/index.php?rest_route=\/wp\/v2\/pages\/1381\/revisions"}],"predecessor-version":[{"id":2048,"href":"https:\/\/www.krullys.de\/index.php?rest_route=\/wp\/v2\/pages\/1381\/revisions\/2048"}],"wp:featuredmedia":[{"embeddable":true,"href":"https:\/\/www.krullys.de\/index.php?rest_route=\/wp\/v2\/media\/1622"}],"wp:attachment":[{"href":"https:\/\/www.krullys.de\/index.php?rest_route=%2Fwp%2Fv2%2Fmedia&parent=1381"}],"curies":[{"name":"wp","href":"https:\/\/api.w.org\/{rel}","templated":true}]}}